{"id":12,"date":"2021-11-11T16:08:31","date_gmt":"2021-11-11T15:08:31","guid":{"rendered":"http:\/\/nfamiglietti.eleves.mediamatique.ch\/site_PO\/?page_id=12"},"modified":"2021-11-25T17:05:32","modified_gmt":"2021-11-25T16:05:32","slug":"ours-polaire","status":"publish","type":"page","link":"http:\/\/nfamiglietti.eleves.mediamatique.ch\/site_PO\/ours-polaire\/","title":{"rendered":"Ours polaire"},"content":{"rendered":"\t\t<div data-elementor-type=\"wp-page\" data-elementor-id=\"12\" class=\"elementor elementor-12\">\n\t\t\t\t\t\t\t\t\t<section class=\"elementor-section elementor-top-section elementor-element elementor-element-6f5b0b0 elementor-section-full_width elementor-section-height-default elementor-section-height-default\" data-id=\"6f5b0b0\" data-element_type=\"section\">\n\t\t\t\t\t\t<div class=\"elementor-container elementor-column-gap-no\">\n\t\t\t\t\t<div class=\"elementor-column elementor-col-100 elementor-top-column elementor-element elementor-element-b1605e3\" data-id=\"b1605e3\" data-element_type=\"column\">\n\t\t\t<div class=\"elementor-widget-wrap elementor-element-populated\">\n\t\t\t\t\t\t\t\t<div class=\"elementor-element elementor-element-c075e43 elementor-widget elementor-widget-image\" data-id=\"c075e43\" data-element_type=\"widget\" data-widget_type=\"image.default\">\n\t\t\t\t<div class=\"elementor-widget-container\">\n\t\t\t<style>\/*! elementor - v3.16.0 - 09-10-2023 *\/\n.elementor-widget-image{text-align:center}.elementor-widget-image a{display:inline-block}.elementor-widget-image a img[src$=\".svg\"]{width:48px}.elementor-widget-image img{vertical-align:middle;display:inline-block}<\/style>\t\t\t\t\t\t\t\t\t\t\t\t<img decoding=\"async\" loading=\"lazy\" width=\"3431\" height=\"1837\" src=\"http:\/\/nfamiglietti.eleves.mediamatique.ch\/site_PO\/wp-content\/uploads\/2021\/11\/ours-polaire.png\" class=\"attachment-full size-full wp-image-521\" alt=\"\" srcset=\"http:\/\/nfamiglietti.eleves.mediamatique.ch\/site_PO\/wp-content\/uploads\/2021\/11\/ours-polaire.png 3431w, http:\/\/nfamiglietti.eleves.mediamatique.ch\/site_PO\/wp-content\/uploads\/2021\/11\/ours-polaire-300x161.png 300w, http:\/\/nfamiglietti.eleves.mediamatique.ch\/site_PO\/wp-content\/uploads\/2021\/11\/ours-polaire-1024x548.png 1024w, http:\/\/nfamiglietti.eleves.mediamatique.ch\/site_PO\/wp-content\/uploads\/2021\/11\/ours-polaire-768x411.png 768w, http:\/\/nfamiglietti.eleves.mediamatique.ch\/site_PO\/wp-content\/uploads\/2021\/11\/ours-polaire-1536x822.png 1536w, http:\/\/nfamiglietti.eleves.mediamatique.ch\/site_PO\/wp-content\/uploads\/2021\/11\/ours-polaire-2048x1097.png 2048w\" sizes=\"(max-width: 3431px) 100vw, 3431px\" \/>\t\t\t\t\t\t\t\t\t\t\t\t\t\t\t<\/div>\n\t\t\t\t<\/div>\n\t\t\t\t\t<\/div>\n\t\t<\/div>\n\t\t\t\t\t\t\t<\/div>\n\t\t<\/section>\n\t\t\t\t<section class=\"elementor-section elementor-top-section elementor-element elementor-element-80c7062 elementor-section-boxed elementor-section-height-default elementor-section-height-default\" data-id=\"80c7062\" data-element_type=\"section\">\n\t\t\t\t\t\t<div class=\"elementor-container elementor-column-gap-default\">\n\t\t\t\t\t<div class=\"elementor-column elementor-col-100 elementor-top-column elementor-element elementor-element-80508ff\" data-id=\"80508ff\" data-element_type=\"column\">\n\t\t\t<div class=\"elementor-widget-wrap elementor-element-populated\">\n\t\t\t\t\t\t\t\t<div class=\"elementor-element elementor-element-0f55628 elementor-widget elementor-widget-heading\" data-id=\"0f55628\" data-element_type=\"widget\" data-widget_type=\"heading.default\">\n\t\t\t\t<div class=\"elementor-widget-container\">\n\t\t\t<style>\/*! elementor - v3.16.0 - 09-10-2023 *\/\n.elementor-heading-title{padding:0;margin:0;line-height:1}.elementor-widget-heading .elementor-heading-title[class*=elementor-size-]>a{color:inherit;font-size:inherit;line-height:inherit}.elementor-widget-heading .elementor-heading-title.elementor-size-small{font-size:15px}.elementor-widget-heading .elementor-heading-title.elementor-size-medium{font-size:19px}.elementor-widget-heading .elementor-heading-title.elementor-size-large{font-size:29px}.elementor-widget-heading .elementor-heading-title.elementor-size-xl{font-size:39px}.elementor-widget-heading .elementor-heading-title.elementor-size-xxl{font-size:59px}<\/style><h2 class=\"elementor-heading-title elementor-size-default\">Ours polaire<\/h2>\t\t<\/div>\n\t\t\t\t<\/div>\n\t\t\t\t\t<\/div>\n\t\t<\/div>\n\t\t\t\t\t\t\t<\/div>\n\t\t<\/section>\n\t\t\t\t<section class=\"elementor-section elementor-top-section elementor-element elementor-element-4286e1df elementor-section-full_width elementor-section-content-bottom elementor-section-height-default elementor-section-height-default\" data-id=\"4286e1df\" data-element_type=\"section\" data-settings=\"{&quot;background_background&quot;:&quot;classic&quot;}\">\n\t\t\t\t\t\t<div class=\"elementor-container elementor-column-gap-no\">\n\t\t\t\t\t<div class=\"elementor-column elementor-col-100 elementor-top-column elementor-element elementor-element-56206e80\" data-id=\"56206e80\" data-element_type=\"column\">\n\t\t\t<div class=\"elementor-widget-wrap elementor-element-populated\">\n\t\t\t\t\t\t\t\t<div class=\"elementor-element elementor-element-fd46217 elementor-absolute elementor-widget elementor-widget-image\" data-id=\"fd46217\" data-element_type=\"widget\" data-settings=\"{&quot;motion_fx_motion_fx_scrolling&quot;:&quot;yes&quot;,&quot;motion_fx_translateX_effect&quot;:&quot;yes&quot;,&quot;_position&quot;:&quot;absolute&quot;,&quot;motion_fx_translateX_speed&quot;:{&quot;unit&quot;:&quot;px&quot;,&quot;size&quot;:4,&quot;sizes&quot;:[]},&quot;motion_fx_translateX_affectedRange&quot;:{&quot;unit&quot;:&quot;%&quot;,&quot;size&quot;:&quot;&quot;,&quot;sizes&quot;:{&quot;start&quot;:0,&quot;end&quot;:100}},&quot;motion_fx_devices&quot;:[&quot;desktop&quot;,&quot;tablet&quot;,&quot;mobile&quot;]}\" data-widget_type=\"image.default\">\n\t\t\t\t<div class=\"elementor-widget-container\">\n\t\t\t\t\t\t\t\t\t\t\t\t\t\t\t<img decoding=\"async\" loading=\"lazy\" width=\"577\" height=\"295\" src=\"http:\/\/nfamiglietti.eleves.mediamatique.ch\/site_PO\/wp-content\/uploads\/2021\/11\/Balaine.png\" class=\"attachment-full size-full wp-image-209\" alt=\"\" srcset=\"http:\/\/nfamiglietti.eleves.mediamatique.ch\/site_PO\/wp-content\/uploads\/2021\/11\/Balaine.png 577w, http:\/\/nfamiglietti.eleves.mediamatique.ch\/site_PO\/wp-content\/uploads\/2021\/11\/Balaine-300x153.png 300w\" sizes=\"(max-width: 577px) 100vw, 577px\" \/>\t\t\t\t\t\t\t\t\t\t\t\t\t\t\t<\/div>\n\t\t\t\t<\/div>\n\t\t\t\t<div class=\"elementor-element elementor-element-3e50b79b elementor-absolute elementor-widget elementor-widget-image\" data-id=\"3e50b79b\" data-element_type=\"widget\" data-settings=\"{&quot;motion_fx_motion_fx_scrolling&quot;:&quot;yes&quot;,&quot;motion_fx_translateY_effect&quot;:&quot;yes&quot;,&quot;_position&quot;:&quot;absolute&quot;,&quot;motion_fx_translateY_speed&quot;:{&quot;unit&quot;:&quot;px&quot;,&quot;size&quot;:4,&quot;sizes&quot;:[]},&quot;motion_fx_translateY_affectedRange&quot;:{&quot;unit&quot;:&quot;%&quot;,&quot;size&quot;:&quot;&quot;,&quot;sizes&quot;:{&quot;start&quot;:0,&quot;end&quot;:100}},&quot;motion_fx_devices&quot;:[&quot;desktop&quot;,&quot;tablet&quot;,&quot;mobile&quot;]}\" data-widget_type=\"image.default\">\n\t\t\t\t<div class=\"elementor-widget-container\">\n\t\t\t\t\t\t\t\t\t\t\t\t\t\t\t<img decoding=\"async\" loading=\"lazy\" width=\"177\" height=\"207\" src=\"http:\/\/nfamiglietti.eleves.mediamatique.ch\/site_PO\/wp-content\/uploads\/2021\/11\/bulle1.png\" class=\"attachment-full size-full wp-image-211\" alt=\"\" \/>\t\t\t\t\t\t\t\t\t\t\t\t\t\t\t<\/div>\n\t\t\t\t<\/div>\n\t\t\t\t<div class=\"elementor-element elementor-element-514a219b elementor-widget elementor-widget-text-editor\" data-id=\"514a219b\" data-element_type=\"widget\" data-widget_type=\"text-editor.default\">\n\t\t\t\t<div class=\"elementor-widget-container\">\n\t\t\t<style>\/*! elementor - v3.16.0 - 09-10-2023 *\/\n.elementor-widget-text-editor.elementor-drop-cap-view-stacked .elementor-drop-cap{background-color:#69727d;color:#fff}.elementor-widget-text-editor.elementor-drop-cap-view-framed .elementor-drop-cap{color:#69727d;border:3px solid;background-color:transparent}.elementor-widget-text-editor:not(.elementor-drop-cap-view-default) .elementor-drop-cap{margin-top:8px}.elementor-widget-text-editor:not(.elementor-drop-cap-view-default) .elementor-drop-cap-letter{width:1em;height:1em}.elementor-widget-text-editor .elementor-drop-cap{float:left;text-align:center;line-height:1;font-size:50px}.elementor-widget-text-editor .elementor-drop-cap-letter{display:inline-block}<\/style>\t\t\t\t<p><strong>Description\u00a0<\/strong><\/p><p>L\u2019Ours blanc est un grand mammif\u00e8re omnivore (pr\u00e9dominance carnivore) originaire des r\u00e9gions arctiques. Il est le seul ours \u00e0 avoir un manteau blanc. Par rapport \u00e0 l\u2019ours brun, l\u2019ours polaire a un corps plus long et des oreilles plus petites.<\/p>\t\t\t\t\t\t<\/div>\n\t\t\t\t<\/div>\n\t\t\t\t\t<\/div>\n\t\t<\/div>\n\t\t\t\t\t\t\t<\/div>\n\t\t<\/section>\n\t\t\t\t<section class=\"elementor-section elementor-top-section elementor-element elementor-element-298a4381 elementor-section-full_width elementor-section-height-default elementor-section-height-default\" data-id=\"298a4381\" data-element_type=\"section\" data-settings=\"{&quot;background_background&quot;:&quot;classic&quot;}\">\n\t\t\t\t\t\t<div class=\"elementor-container elementor-column-gap-no\">\n\t\t\t\t\t<div class=\"elementor-column elementor-col-100 elementor-top-column elementor-element elementor-element-55e20e78\" data-id=\"55e20e78\" data-element_type=\"column\">\n\t\t\t<div class=\"elementor-widget-wrap elementor-element-populated\">\n\t\t\t\t\t\t\t\t<div class=\"elementor-element elementor-element-535acc3a elementor-absolute elementor-widget elementor-widget-image\" data-id=\"535acc3a\" data-element_type=\"widget\" data-settings=\"{&quot;motion_fx_motion_fx_scrolling&quot;:&quot;yes&quot;,&quot;motion_fx_translateY_effect&quot;:&quot;yes&quot;,&quot;_position&quot;:&quot;absolute&quot;,&quot;motion_fx_translateY_speed&quot;:{&quot;unit&quot;:&quot;px&quot;,&quot;size&quot;:4,&quot;sizes&quot;:[]},&quot;motion_fx_translateY_affectedRange&quot;:{&quot;unit&quot;:&quot;%&quot;,&quot;size&quot;:&quot;&quot;,&quot;sizes&quot;:{&quot;start&quot;:0,&quot;end&quot;:100}},&quot;motion_fx_devices&quot;:[&quot;desktop&quot;,&quot;tablet&quot;,&quot;mobile&quot;]}\" data-widget_type=\"image.default\">\n\t\t\t\t<div class=\"elementor-widget-container\">\n\t\t\t\t\t\t\t\t\t\t\t\t\t\t\t<img decoding=\"async\" loading=\"lazy\" width=\"177\" height=\"207\" src=\"http:\/\/nfamiglietti.eleves.mediamatique.ch\/site_PO\/wp-content\/uploads\/2021\/11\/bulle1.png\" class=\"attachment-full size-full wp-image-211\" alt=\"\" \/>\t\t\t\t\t\t\t\t\t\t\t\t\t\t\t<\/div>\n\t\t\t\t<\/div>\n\t\t\t\t<div class=\"elementor-element elementor-element-a8dcc33 elementor-absolute elementor-widget elementor-widget-image\" data-id=\"a8dcc33\" data-element_type=\"widget\" data-settings=\"{&quot;motion_fx_motion_fx_scrolling&quot;:&quot;yes&quot;,&quot;motion_fx_translateX_effect&quot;:&quot;yes&quot;,&quot;motion_fx_translateX_direction&quot;:&quot;negative&quot;,&quot;_position&quot;:&quot;absolute&quot;,&quot;motion_fx_translateX_speed&quot;:{&quot;unit&quot;:&quot;px&quot;,&quot;size&quot;:4,&quot;sizes&quot;:[]},&quot;motion_fx_translateX_affectedRange&quot;:{&quot;unit&quot;:&quot;%&quot;,&quot;size&quot;:&quot;&quot;,&quot;sizes&quot;:{&quot;start&quot;:0,&quot;end&quot;:100}},&quot;motion_fx_devices&quot;:[&quot;desktop&quot;,&quot;tablet&quot;,&quot;mobile&quot;]}\" data-widget_type=\"image.default\">\n\t\t\t\t<div class=\"elementor-widget-container\">\n\t\t\t\t\t\t\t\t\t\t\t\t\t\t\t<img decoding=\"async\" loading=\"lazy\" width=\"313\" height=\"212\" src=\"http:\/\/nfamiglietti.eleves.mediamatique.ch\/site_PO\/wp-content\/uploads\/2021\/11\/poisson2.png\" class=\"attachment-full size-full wp-image-215\" alt=\"\" srcset=\"http:\/\/nfamiglietti.eleves.mediamatique.ch\/site_PO\/wp-content\/uploads\/2021\/11\/poisson2.png 313w, http:\/\/nfamiglietti.eleves.mediamatique.ch\/site_PO\/wp-content\/uploads\/2021\/11\/poisson2-300x203.png 300w\" sizes=\"(max-width: 313px) 100vw, 313px\" \/>\t\t\t\t\t\t\t\t\t\t\t\t\t\t\t<\/div>\n\t\t\t\t<\/div>\n\t\t\t\t<div class=\"elementor-element elementor-element-44deb8bf elementor-widget elementor-widget-text-editor\" data-id=\"44deb8bf\" data-element_type=\"widget\" data-widget_type=\"text-editor.default\">\n\t\t\t\t<div class=\"elementor-widget-container\">\n\t\t\t\t\t\t\t<p><strong>Habitat<\/strong><\/p><p>Cette esp\u00e8ce vit autour du p\u00f4le Nord, au bord de l\u2019oc\u00e9an Arctique, dont l\u2019habitat se limite quasiment \u00e0 la banquise.<\/p><p><strong>Alimentation\u00a0<\/strong><\/p><p>Un ours blanc se nourrit de phoques, de morses, des b\u00e9lugas et des poissons. Il a un r\u00e9gime opportuniste et mange tout ce qu\u2019il peut trouver dans son environnement.<\/p>\t\t\t\t\t\t<\/div>\n\t\t\t\t<\/div>\n\t\t\t\t\t<\/div>\n\t\t<\/div>\n\t\t\t\t\t\t\t<\/div>\n\t\t<\/section>\n\t\t\t\t<section class=\"elementor-section elementor-top-section elementor-element elementor-element-6d2dfb3a elementor-section-full_width elementor-section-height-default elementor-section-height-default\" data-id=\"6d2dfb3a\" data-element_type=\"section\" data-settings=\"{&quot;background_background&quot;:&quot;classic&quot;}\">\n\t\t\t\t\t\t<div class=\"elementor-container elementor-column-gap-no\">\n\t\t\t\t\t<div class=\"elementor-column elementor-col-100 elementor-top-column elementor-element elementor-element-3962fb0e\" data-id=\"3962fb0e\" data-element_type=\"column\">\n\t\t\t<div class=\"elementor-widget-wrap elementor-element-populated\">\n\t\t\t\t\t\t\t\t<div class=\"elementor-element elementor-element-738a9061 elementor-widget elementor-widget-text-editor\" data-id=\"738a9061\" data-element_type=\"widget\" data-widget_type=\"text-editor.default\">\n\t\t\t\t<div class=\"elementor-widget-container\">\n\t\t\t\t\t\t\t<p><strong>Reproduction\u00a0<\/strong><\/p><p>Les femelles ont rarement plus de 2 petits, \u00e0 raison d\u2019une mise bas tous les 3 ans car les ourses s\u2019occupent de leurs petits pendant 2 ans pour les faire devenir ind\u00e9pendants.<\/p><p><strong>Statut <\/strong><\/p><p><strong>\u00a0<\/strong>Selon l\u2019UICN, cette esp\u00e8ce est vuln\u00e9rable ce qui signifie qu\u2019elle est menac\u00e9e. Notamment par le r\u00e9chauffement climatique (fonte des banquises), par la chasse et par des mati\u00e8res toxiques r\u00e9pandues dans la mer.<\/p>\t\t\t\t\t\t<\/div>\n\t\t\t\t<\/div>\n\t\t\t\t<div class=\"elementor-element elementor-element-5c55ebbe elementor-widget elementor-widget-image\" data-id=\"5c55ebbe\" data-element_type=\"widget\" data-widget_type=\"image.default\">\n\t\t\t\t<div class=\"elementor-widget-container\">\n\t\t\t\t\t\t\t\t\t\t\t\t\t\t\t<img decoding=\"async\" loading=\"lazy\" width=\"1000\" height=\"504\" src=\"http:\/\/nfamiglietti.eleves.mediamatique.ch\/site_PO\/wp-content\/uploads\/2021\/11\/sable-1.png\" class=\"attachment-full size-full wp-image-601\" alt=\"\" srcset=\"http:\/\/nfamiglietti.eleves.mediamatique.ch\/site_PO\/wp-content\/uploads\/2021\/11\/sable-1.png 1000w, http:\/\/nfamiglietti.eleves.mediamatique.ch\/site_PO\/wp-content\/uploads\/2021\/11\/sable-1-300x151.png 300w, http:\/\/nfamiglietti.eleves.mediamatique.ch\/site_PO\/wp-content\/uploads\/2021\/11\/sable-1-768x387.png 768w\" sizes=\"(max-width: 1000px) 100vw, 1000px\" \/>\t\t\t\t\t\t\t\t\t\t\t\t\t\t\t<\/div>\n\t\t\t\t<\/div>\n\t\t\t\t\t<\/div>\n\t\t<\/div>\n\t\t\t\t\t\t\t<\/div>\n\t\t<\/section>\n\t\t\t\t\t\t\t<\/div>\n\t\t","protected":false},"excerpt":{"rendered":"<p>Ours polaire Description\u00a0 L\u2019Ours blanc est un grand mammif\u00e8re omnivore (pr\u00e9dominance carnivore) originaire des r\u00e9gions arctiques. Il est le seul ours \u00e0 avoir un manteau blanc. Par rapport \u00e0 l\u2019ours brun, l\u2019ours polaire a un corps plus long et des oreilles plus petites. Habitat Cette esp\u00e8ce vit autour du p\u00f4le Nord, au bord de l\u2019oc\u00e9an [&hellip;]<\/p>\n","protected":false},"author":1,"featured_media":0,"parent":0,"menu_order":0,"comment_status":"closed","ping_status":"closed","template":"","meta":{"footnotes":""},"_links":{"self":[{"href":"http:\/\/nfamiglietti.eleves.mediamatique.ch\/site_PO\/wp-json\/wp\/v2\/pages\/12"}],"collection":[{"href":"http:\/\/nfamiglietti.eleves.mediamatique.ch\/site_PO\/wp-json\/wp\/v2\/pages"}],"about":[{"href":"http:\/\/nfamiglietti.eleves.mediamatique.ch\/site_PO\/wp-json\/wp\/v2\/types\/page"}],"author":[{"embeddable":true,"href":"http:\/\/nfamiglietti.eleves.mediamatique.ch\/site_PO\/wp-json\/wp\/v2\/users\/1"}],"replies":[{"embeddable":true,"href":"http:\/\/nfamiglietti.eleves.mediamatique.ch\/site_PO\/wp-json\/wp\/v2\/comments?post=12"}],"version-history":[{"count":50,"href":"http:\/\/nfamiglietti.eleves.mediamatique.ch\/site_PO\/wp-json\/wp\/v2\/pages\/12\/revisions"}],"predecessor-version":[{"id":868,"href":"http:\/\/nfamiglietti.eleves.mediamatique.ch\/site_PO\/wp-json\/wp\/v2\/pages\/12\/revisions\/868"}],"wp:attachment":[{"href":"http:\/\/nfamiglietti.eleves.mediamatique.ch\/site_PO\/wp-json\/wp\/v2\/media?parent=12"}],"curies":[{"name":"wp","href":"https:\/\/api.w.org\/{rel}","templated":true}]}}