{"id":26,"date":"2021-11-11T16:11:42","date_gmt":"2021-11-11T15:11:42","guid":{"rendered":"http:\/\/nfamiglietti.eleves.mediamatique.ch\/site_PO\/?page_id=26"},"modified":"2021-11-25T16:50:16","modified_gmt":"2021-11-25T15:50:16","slug":"manchot-empreur","status":"publish","type":"page","link":"http:\/\/nfamiglietti.eleves.mediamatique.ch\/site_PO\/manchot-empreur\/","title":{"rendered":"Manchot empereur"},"content":{"rendered":"\t\t<div data-elementor-type=\"wp-page\" data-elementor-id=\"26\" class=\"elementor elementor-26\">\n\t\t\t\t\t\t\t\t\t<section class=\"elementor-section elementor-top-section elementor-element elementor-element-6cf20fc elementor-section-full_width elementor-section-height-default elementor-section-height-default\" data-id=\"6cf20fc\" data-element_type=\"section\">\n\t\t\t\t\t\t<div class=\"elementor-container elementor-column-gap-no\">\n\t\t\t\t\t<div class=\"elementor-column elementor-col-100 elementor-top-column elementor-element elementor-element-4e62f96\" data-id=\"4e62f96\" data-element_type=\"column\">\n\t\t\t<div class=\"elementor-widget-wrap elementor-element-populated\">\n\t\t\t\t\t\t\t\t<div class=\"elementor-element elementor-element-45401f6 elementor-widget elementor-widget-image\" data-id=\"45401f6\" data-element_type=\"widget\" data-widget_type=\"image.default\">\n\t\t\t\t<div class=\"elementor-widget-container\">\n\t\t\t<style>\/*! elementor - v3.16.0 - 09-10-2023 *\/\n.elementor-widget-image{text-align:center}.elementor-widget-image a{display:inline-block}.elementor-widget-image a img[src$=\".svg\"]{width:48px}.elementor-widget-image img{vertical-align:middle;display:inline-block}<\/style>\t\t\t\t\t\t\t\t\t\t\t\t<img decoding=\"async\" loading=\"lazy\" width=\"3604\" height=\"1734\" src=\"http:\/\/nfamiglietti.eleves.mediamatique.ch\/site_PO\/wp-content\/uploads\/2021\/11\/manchot-emp.png\" class=\"attachment-full size-full wp-image-493\" alt=\"\" srcset=\"http:\/\/nfamiglietti.eleves.mediamatique.ch\/site_PO\/wp-content\/uploads\/2021\/11\/manchot-emp.png 3604w, http:\/\/nfamiglietti.eleves.mediamatique.ch\/site_PO\/wp-content\/uploads\/2021\/11\/manchot-emp-300x144.png 300w, http:\/\/nfamiglietti.eleves.mediamatique.ch\/site_PO\/wp-content\/uploads\/2021\/11\/manchot-emp-1024x493.png 1024w, http:\/\/nfamiglietti.eleves.mediamatique.ch\/site_PO\/wp-content\/uploads\/2021\/11\/manchot-emp-768x370.png 768w, http:\/\/nfamiglietti.eleves.mediamatique.ch\/site_PO\/wp-content\/uploads\/2021\/11\/manchot-emp-1536x739.png 1536w, http:\/\/nfamiglietti.eleves.mediamatique.ch\/site_PO\/wp-content\/uploads\/2021\/11\/manchot-emp-2048x985.png 2048w\" sizes=\"(max-width: 3604px) 100vw, 3604px\" \/>\t\t\t\t\t\t\t\t\t\t\t\t\t\t\t<\/div>\n\t\t\t\t<\/div>\n\t\t\t\t\t<\/div>\n\t\t<\/div>\n\t\t\t\t\t\t\t<\/div>\n\t\t<\/section>\n\t\t\t\t<section class=\"elementor-section elementor-top-section elementor-element elementor-element-20c9c26 elementor-section-boxed elementor-section-height-default elementor-section-height-default\" data-id=\"20c9c26\" data-element_type=\"section\">\n\t\t\t\t\t\t<div class=\"elementor-container elementor-column-gap-default\">\n\t\t\t\t\t<div class=\"elementor-column elementor-col-100 elementor-top-column elementor-element elementor-element-4e88a72\" data-id=\"4e88a72\" data-element_type=\"column\">\n\t\t\t<div class=\"elementor-widget-wrap elementor-element-populated\">\n\t\t\t\t\t\t\t\t<div class=\"elementor-element elementor-element-77bb1a2 elementor-widget elementor-widget-heading\" data-id=\"77bb1a2\" data-element_type=\"widget\" data-widget_type=\"heading.default\">\n\t\t\t\t<div class=\"elementor-widget-container\">\n\t\t\t<style>\/*! elementor - v3.16.0 - 09-10-2023 *\/\n.elementor-heading-title{padding:0;margin:0;line-height:1}.elementor-widget-heading .elementor-heading-title[class*=elementor-size-]>a{color:inherit;font-size:inherit;line-height:inherit}.elementor-widget-heading .elementor-heading-title.elementor-size-small{font-size:15px}.elementor-widget-heading .elementor-heading-title.elementor-size-medium{font-size:19px}.elementor-widget-heading .elementor-heading-title.elementor-size-large{font-size:29px}.elementor-widget-heading .elementor-heading-title.elementor-size-xl{font-size:39px}.elementor-widget-heading .elementor-heading-title.elementor-size-xxl{font-size:59px}<\/style><h2 class=\"elementor-heading-title elementor-size-default\">Manchot empereur<\/h2>\t\t<\/div>\n\t\t\t\t<\/div>\n\t\t\t\t\t<\/div>\n\t\t<\/div>\n\t\t\t\t\t\t\t<\/div>\n\t\t<\/section>\n\t\t\t\t<section class=\"elementor-section elementor-top-section elementor-element elementor-element-597a9534 elementor-section-full_width elementor-section-height-min-height elementor-section-content-bottom elementor-section-height-default elementor-section-items-middle\" data-id=\"597a9534\" data-element_type=\"section\" data-settings=\"{&quot;background_background&quot;:&quot;classic&quot;}\">\n\t\t\t\t\t\t<div class=\"elementor-container elementor-column-gap-no\">\n\t\t\t\t\t<div class=\"elementor-column elementor-col-100 elementor-top-column elementor-element elementor-element-786068e7\" data-id=\"786068e7\" data-element_type=\"column\">\n\t\t\t<div class=\"elementor-widget-wrap elementor-element-populated\">\n\t\t\t\t\t\t\t\t<div class=\"elementor-element elementor-element-6c7c562 elementor-absolute elementor-widget elementor-widget-image\" data-id=\"6c7c562\" data-element_type=\"widget\" data-settings=\"{&quot;motion_fx_motion_fx_scrolling&quot;:&quot;yes&quot;,&quot;motion_fx_translateX_effect&quot;:&quot;yes&quot;,&quot;_position&quot;:&quot;absolute&quot;,&quot;motion_fx_translateX_speed&quot;:{&quot;unit&quot;:&quot;px&quot;,&quot;size&quot;:4,&quot;sizes&quot;:[]},&quot;motion_fx_translateX_affectedRange&quot;:{&quot;unit&quot;:&quot;%&quot;,&quot;size&quot;:&quot;&quot;,&quot;sizes&quot;:{&quot;start&quot;:0,&quot;end&quot;:100}},&quot;motion_fx_devices&quot;:[&quot;desktop&quot;,&quot;tablet&quot;,&quot;mobile&quot;]}\" data-widget_type=\"image.default\">\n\t\t\t\t<div class=\"elementor-widget-container\">\n\t\t\t\t\t\t\t\t\t\t\t\t\t\t\t<img decoding=\"async\" loading=\"lazy\" width=\"377\" height=\"243\" src=\"http:\/\/nfamiglietti.eleves.mediamatique.ch\/site_PO\/wp-content\/uploads\/2021\/11\/meduse.png\" class=\"attachment-full size-full wp-image-212\" alt=\"\" srcset=\"http:\/\/nfamiglietti.eleves.mediamatique.ch\/site_PO\/wp-content\/uploads\/2021\/11\/meduse.png 377w, http:\/\/nfamiglietti.eleves.mediamatique.ch\/site_PO\/wp-content\/uploads\/2021\/11\/meduse-300x193.png 300w\" sizes=\"(max-width: 377px) 100vw, 377px\" \/>\t\t\t\t\t\t\t\t\t\t\t\t\t\t\t<\/div>\n\t\t\t\t<\/div>\n\t\t\t\t<div class=\"elementor-element elementor-element-1e029c4d elementor-absolute elementor-widget elementor-widget-image\" data-id=\"1e029c4d\" data-element_type=\"widget\" data-settings=\"{&quot;motion_fx_motion_fx_scrolling&quot;:&quot;yes&quot;,&quot;motion_fx_translateY_effect&quot;:&quot;yes&quot;,&quot;_position&quot;:&quot;absolute&quot;,&quot;motion_fx_translateY_speed&quot;:{&quot;unit&quot;:&quot;px&quot;,&quot;size&quot;:4,&quot;sizes&quot;:[]},&quot;motion_fx_translateY_affectedRange&quot;:{&quot;unit&quot;:&quot;%&quot;,&quot;size&quot;:&quot;&quot;,&quot;sizes&quot;:{&quot;start&quot;:0,&quot;end&quot;:100}},&quot;motion_fx_devices&quot;:[&quot;desktop&quot;,&quot;tablet&quot;,&quot;mobile&quot;]}\" data-widget_type=\"image.default\">\n\t\t\t\t<div class=\"elementor-widget-container\">\n\t\t\t\t\t\t\t\t\t\t\t\t\t\t\t<img decoding=\"async\" loading=\"lazy\" width=\"177\" height=\"207\" src=\"http:\/\/nfamiglietti.eleves.mediamatique.ch\/site_PO\/wp-content\/uploads\/2021\/11\/bulle1.png\" class=\"attachment-full size-full wp-image-211\" alt=\"\" \/>\t\t\t\t\t\t\t\t\t\t\t\t\t\t\t<\/div>\n\t\t\t\t<\/div>\n\t\t\t\t<div class=\"elementor-element elementor-element-edebd97 elementor-widget elementor-widget-text-editor\" data-id=\"edebd97\" data-element_type=\"widget\" data-widget_type=\"text-editor.default\">\n\t\t\t\t<div class=\"elementor-widget-container\">\n\t\t\t<style>\/*! elementor - v3.16.0 - 09-10-2023 *\/\n.elementor-widget-text-editor.elementor-drop-cap-view-stacked .elementor-drop-cap{background-color:#69727d;color:#fff}.elementor-widget-text-editor.elementor-drop-cap-view-framed .elementor-drop-cap{color:#69727d;border:3px solid;background-color:transparent}.elementor-widget-text-editor:not(.elementor-drop-cap-view-default) .elementor-drop-cap{margin-top:8px}.elementor-widget-text-editor:not(.elementor-drop-cap-view-default) .elementor-drop-cap-letter{width:1em;height:1em}.elementor-widget-text-editor .elementor-drop-cap{float:left;text-align:center;line-height:1;font-size:50px}.elementor-widget-text-editor .elementor-drop-cap-letter{display:inline-block}<\/style>\t\t\t\t<p><strong>Description <\/strong><\/p><p><strong>\u00a0<\/strong>Les m\u00e2les et les femelles ont une taille et une coloration similaires. Leur bec incurv\u00e9 mesure 8 cm et est partiellement emplum\u00e9. La langue est munie de poils orient\u00e9s de mani\u00e8re \u00e0 \u00e9viter que les proies attrap\u00e9es ne s\u2019\u00e9chappent.<\/p>\t\t\t\t\t\t<\/div>\n\t\t\t\t<\/div>\n\t\t\t\t\t<\/div>\n\t\t<\/div>\n\t\t\t\t\t\t\t<\/div>\n\t\t<\/section>\n\t\t\t\t<section class=\"elementor-section elementor-top-section elementor-element elementor-element-5a1aa751 elementor-section-full_width elementor-section-height-default elementor-section-height-default\" data-id=\"5a1aa751\" data-element_type=\"section\" data-settings=\"{&quot;background_background&quot;:&quot;classic&quot;}\">\n\t\t\t\t\t\t<div class=\"elementor-container elementor-column-gap-no\">\n\t\t\t\t\t<div class=\"elementor-column elementor-col-100 elementor-top-column elementor-element elementor-element-7c90cec5\" data-id=\"7c90cec5\" data-element_type=\"column\">\n\t\t\t<div class=\"elementor-widget-wrap elementor-element-populated\">\n\t\t\t\t\t\t\t\t<div class=\"elementor-element elementor-element-650b2ac9 elementor-absolute elementor-widget elementor-widget-image\" data-id=\"650b2ac9\" data-element_type=\"widget\" data-settings=\"{&quot;motion_fx_motion_fx_scrolling&quot;:&quot;yes&quot;,&quot;motion_fx_translateY_effect&quot;:&quot;yes&quot;,&quot;_position&quot;:&quot;absolute&quot;,&quot;motion_fx_translateY_speed&quot;:{&quot;unit&quot;:&quot;px&quot;,&quot;size&quot;:4,&quot;sizes&quot;:[]},&quot;motion_fx_translateY_affectedRange&quot;:{&quot;unit&quot;:&quot;%&quot;,&quot;size&quot;:&quot;&quot;,&quot;sizes&quot;:{&quot;start&quot;:0,&quot;end&quot;:100}},&quot;motion_fx_devices&quot;:[&quot;desktop&quot;,&quot;tablet&quot;,&quot;mobile&quot;]}\" data-widget_type=\"image.default\">\n\t\t\t\t<div class=\"elementor-widget-container\">\n\t\t\t\t\t\t\t\t\t\t\t\t\t\t\t<img decoding=\"async\" loading=\"lazy\" width=\"177\" height=\"207\" src=\"http:\/\/nfamiglietti.eleves.mediamatique.ch\/site_PO\/wp-content\/uploads\/2021\/11\/bulle1.png\" class=\"attachment-full size-full wp-image-211\" alt=\"\" \/>\t\t\t\t\t\t\t\t\t\t\t\t\t\t\t<\/div>\n\t\t\t\t<\/div>\n\t\t\t\t<div class=\"elementor-element elementor-element-c20c172 elementor-absolute elementor-widget elementor-widget-image\" data-id=\"c20c172\" data-element_type=\"widget\" data-settings=\"{&quot;motion_fx_motion_fx_scrolling&quot;:&quot;yes&quot;,&quot;motion_fx_translateX_effect&quot;:&quot;yes&quot;,&quot;motion_fx_translateX_direction&quot;:&quot;negative&quot;,&quot;_position&quot;:&quot;absolute&quot;,&quot;motion_fx_translateX_speed&quot;:{&quot;unit&quot;:&quot;px&quot;,&quot;size&quot;:4,&quot;sizes&quot;:[]},&quot;motion_fx_translateX_affectedRange&quot;:{&quot;unit&quot;:&quot;%&quot;,&quot;size&quot;:&quot;&quot;,&quot;sizes&quot;:{&quot;start&quot;:0,&quot;end&quot;:100}},&quot;motion_fx_devices&quot;:[&quot;desktop&quot;,&quot;tablet&quot;,&quot;mobile&quot;]}\" data-widget_type=\"image.default\">\n\t\t\t\t<div class=\"elementor-widget-container\">\n\t\t\t\t\t\t\t\t\t\t\t\t\t\t\t<img decoding=\"async\" loading=\"lazy\" width=\"1452\" height=\"670\" src=\"http:\/\/nfamiglietti.eleves.mediamatique.ch\/site_PO\/wp-content\/uploads\/2021\/11\/sousmarin1.png\" class=\"attachment-full size-full wp-image-337\" alt=\"\" srcset=\"http:\/\/nfamiglietti.eleves.mediamatique.ch\/site_PO\/wp-content\/uploads\/2021\/11\/sousmarin1.png 1452w, http:\/\/nfamiglietti.eleves.mediamatique.ch\/site_PO\/wp-content\/uploads\/2021\/11\/sousmarin1-300x138.png 300w, http:\/\/nfamiglietti.eleves.mediamatique.ch\/site_PO\/wp-content\/uploads\/2021\/11\/sousmarin1-1024x473.png 1024w, http:\/\/nfamiglietti.eleves.mediamatique.ch\/site_PO\/wp-content\/uploads\/2021\/11\/sousmarin1-768x354.png 768w\" sizes=\"(max-width: 1452px) 100vw, 1452px\" \/>\t\t\t\t\t\t\t\t\t\t\t\t\t\t\t<\/div>\n\t\t\t\t<\/div>\n\t\t\t\t<div class=\"elementor-element elementor-element-6f5298ab elementor-widget elementor-widget-text-editor\" data-id=\"6f5298ab\" data-element_type=\"widget\" data-widget_type=\"text-editor.default\">\n\t\t\t\t<div class=\"elementor-widget-container\">\n\t\t\t\t\t\t\t<p><strong>\u00a0 Habitat\u00a0<\/strong><\/p><p>\u00a0Ces manchots vivent en Antarctique. Vivant en colonie, ils cherchent des zones planes qui sont abrit\u00e9es du vent par des rochers ou des icebergs pour s\u2019y installer. Pendant l\u2019hiver, les temp\u00e9ratures peuvent descendre jusqu\u2019\u00e0 -60\u00b0 avec des vents d\u00e9passant les 200km\/h. Parfois, si les vents sont trop forts, la colonie d\u00e9m\u00e9nage vers un lieu moins hostile.<\/p><p><strong>Alimentation\u00a0<\/strong><\/p><p>Le manchot empereur se nourrit principalement de c\u00e9phalopodes, de crustac\u00e9s et de poissons. Il chasse dans les eaux de l\u2019oc\u00e9an Austral, dans des zones lib\u00e9r\u00e9es de glace ou dans des cassures qui sont dans la banquise.<\/p>\t\t\t\t\t\t<\/div>\n\t\t\t\t<\/div>\n\t\t\t\t\t<\/div>\n\t\t<\/div>\n\t\t\t\t\t\t\t<\/div>\n\t\t<\/section>\n\t\t\t\t<section class=\"elementor-section elementor-top-section elementor-element elementor-element-3ca73444 elementor-section-full_width elementor-section-height-default elementor-section-height-default\" data-id=\"3ca73444\" data-element_type=\"section\" data-settings=\"{&quot;background_background&quot;:&quot;classic&quot;}\">\n\t\t\t\t\t\t<div class=\"elementor-container elementor-column-gap-no\">\n\t\t\t\t\t<div class=\"elementor-column elementor-col-100 elementor-top-column elementor-element elementor-element-667de14e\" data-id=\"667de14e\" data-element_type=\"column\">\n\t\t\t<div class=\"elementor-widget-wrap elementor-element-populated\">\n\t\t\t\t\t\t\t\t<div class=\"elementor-element elementor-element-5d0e1741 elementor-widget elementor-widget-text-editor\" data-id=\"5d0e1741\" data-element_type=\"widget\" data-widget_type=\"text-editor.default\">\n\t\t\t\t<div class=\"elementor-widget-container\">\n\t\t\t\t\t\t\t<p><strong>Reproduction\u00a0<\/strong><\/p><p>Ces otaries sont polygames, un m\u00e2le \u00e0 entre 5 et 8 femelles. Vers fin octobre, les m\u00e2les colonisent un territoire et le d\u00e9fendent avec des vocalisations et des combats. Les femelles donnent naissance le plus souvent en d\u00e9cembre. 4 mois plus tard, les petits acqui\u00e8rent leur pelage d\u2019adulte.<\/p><p><strong>Statut\u00a0<\/strong><\/p><p>\u00a0Selon l\u2019UICN, cette esp\u00e8ce \u00e0 le statut \u00ab\u00a0LC\u00a0\u00bb (Pr\u00e9occupation mineure) ce qui signifie qu\u2019elle ne remplit pas les crit\u00e8res d\u2019une cat\u00e9gorie en danger.<\/p>\t\t\t\t\t\t<\/div>\n\t\t\t\t<\/div>\n\t\t\t\t<div class=\"elementor-element elementor-element-2ff2110d elementor-widget elementor-widget-image\" data-id=\"2ff2110d\" data-element_type=\"widget\" data-widget_type=\"image.default\">\n\t\t\t\t<div class=\"elementor-widget-container\">\n\t\t\t\t\t\t\t\t\t\t\t\t\t\t\t<img decoding=\"async\" loading=\"lazy\" width=\"1000\" height=\"504\" src=\"http:\/\/nfamiglietti.eleves.mediamatique.ch\/site_PO\/wp-content\/uploads\/2021\/11\/sable-1.png\" class=\"attachment-full size-full wp-image-601\" alt=\"\" srcset=\"http:\/\/nfamiglietti.eleves.mediamatique.ch\/site_PO\/wp-content\/uploads\/2021\/11\/sable-1.png 1000w, http:\/\/nfamiglietti.eleves.mediamatique.ch\/site_PO\/wp-content\/uploads\/2021\/11\/sable-1-300x151.png 300w, http:\/\/nfamiglietti.eleves.mediamatique.ch\/site_PO\/wp-content\/uploads\/2021\/11\/sable-1-768x387.png 768w\" sizes=\"(max-width: 1000px) 100vw, 1000px\" \/>\t\t\t\t\t\t\t\t\t\t\t\t\t\t\t<\/div>\n\t\t\t\t<\/div>\n\t\t\t\t\t<\/div>\n\t\t<\/div>\n\t\t\t\t\t\t\t<\/div>\n\t\t<\/section>\n\t\t\t\t\t\t\t<\/div>\n\t\t","protected":false},"excerpt":{"rendered":"<p>Manchot empereur Description \u00a0Les m\u00e2les et les femelles ont une taille et une coloration similaires. Leur bec incurv\u00e9 mesure 8 cm et est partiellement emplum\u00e9. La langue est munie de poils orient\u00e9s de mani\u00e8re \u00e0 \u00e9viter que les proies attrap\u00e9es ne s\u2019\u00e9chappent. \u00a0 Habitat\u00a0 \u00a0Ces manchots vivent en Antarctique. Vivant en colonie, ils cherchent des [&hellip;]<\/p>\n","protected":false},"author":1,"featured_media":0,"parent":0,"menu_order":0,"comment_status":"closed","ping_status":"closed","template":"","meta":{"footnotes":""},"_links":{"self":[{"href":"http:\/\/nfamiglietti.eleves.mediamatique.ch\/site_PO\/wp-json\/wp\/v2\/pages\/26"}],"collection":[{"href":"http:\/\/nfamiglietti.eleves.mediamatique.ch\/site_PO\/wp-json\/wp\/v2\/pages"}],"about":[{"href":"http:\/\/nfamiglietti.eleves.mediamatique.ch\/site_PO\/wp-json\/wp\/v2\/types\/page"}],"author":[{"embeddable":true,"href":"http:\/\/nfamiglietti.eleves.mediamatique.ch\/site_PO\/wp-json\/wp\/v2\/users\/1"}],"replies":[{"embeddable":true,"href":"http:\/\/nfamiglietti.eleves.mediamatique.ch\/site_PO\/wp-json\/wp\/v2\/comments?post=26"}],"version-history":[{"count":53,"href":"http:\/\/nfamiglietti.eleves.mediamatique.ch\/site_PO\/wp-json\/wp\/v2\/pages\/26\/revisions"}],"predecessor-version":[{"id":835,"href":"http:\/\/nfamiglietti.eleves.mediamatique.ch\/site_PO\/wp-json\/wp\/v2\/pages\/26\/revisions\/835"}],"wp:attachment":[{"href":"http:\/\/nfamiglietti.eleves.mediamatique.ch\/site_PO\/wp-json\/wp\/v2\/media?parent=26"}],"curies":[{"name":"wp","href":"https:\/\/api.w.org\/{rel}","templated":true}]}}