{"id":28,"date":"2021-11-11T16:12:08","date_gmt":"2021-11-11T15:12:08","guid":{"rendered":"http:\/\/nfamiglietti.eleves.mediamatique.ch\/site_PO\/?page_id=28"},"modified":"2021-11-25T16:48:47","modified_gmt":"2021-11-25T15:48:47","slug":"dauphin","status":"publish","type":"page","link":"http:\/\/nfamiglietti.eleves.mediamatique.ch\/site_PO\/dauphin\/","title":{"rendered":"Dauphin"},"content":{"rendered":"\t\t<div data-elementor-type=\"wp-page\" data-elementor-id=\"28\" class=\"elementor elementor-28\">\n\t\t\t\t\t\t\t\t\t<section class=\"elementor-section elementor-top-section elementor-element elementor-element-a9f9e77 elementor-section-full_width elementor-section-height-default elementor-section-height-default\" data-id=\"a9f9e77\" data-element_type=\"section\">\n\t\t\t\t\t\t<div class=\"elementor-container elementor-column-gap-no\">\n\t\t\t\t\t<div class=\"elementor-column elementor-col-100 elementor-top-column elementor-element elementor-element-b4efd16\" data-id=\"b4efd16\" data-element_type=\"column\">\n\t\t\t<div class=\"elementor-widget-wrap elementor-element-populated\">\n\t\t\t\t\t\t\t\t<div class=\"elementor-element elementor-element-d2bc219 elementor-widget elementor-widget-image\" data-id=\"d2bc219\" data-element_type=\"widget\" data-widget_type=\"image.default\">\n\t\t\t\t<div class=\"elementor-widget-container\">\n\t\t\t<style>\/*! elementor - v3.16.0 - 09-10-2023 *\/\n.elementor-widget-image{text-align:center}.elementor-widget-image a{display:inline-block}.elementor-widget-image a img[src$=\".svg\"]{width:48px}.elementor-widget-image img{vertical-align:middle;display:inline-block}<\/style>\t\t\t\t\t\t\t\t\t\t\t\t<img decoding=\"async\" loading=\"lazy\" width=\"2498\" height=\"1216\" src=\"http:\/\/nfamiglietti.eleves.mediamatique.ch\/site_PO\/wp-content\/uploads\/2021\/11\/dauphin.png\" class=\"attachment-full size-full wp-image-480\" alt=\"\" srcset=\"http:\/\/nfamiglietti.eleves.mediamatique.ch\/site_PO\/wp-content\/uploads\/2021\/11\/dauphin.png 2498w, http:\/\/nfamiglietti.eleves.mediamatique.ch\/site_PO\/wp-content\/uploads\/2021\/11\/dauphin-300x146.png 300w, http:\/\/nfamiglietti.eleves.mediamatique.ch\/site_PO\/wp-content\/uploads\/2021\/11\/dauphin-1024x498.png 1024w, http:\/\/nfamiglietti.eleves.mediamatique.ch\/site_PO\/wp-content\/uploads\/2021\/11\/dauphin-768x374.png 768w, http:\/\/nfamiglietti.eleves.mediamatique.ch\/site_PO\/wp-content\/uploads\/2021\/11\/dauphin-1536x748.png 1536w, http:\/\/nfamiglietti.eleves.mediamatique.ch\/site_PO\/wp-content\/uploads\/2021\/11\/dauphin-2048x997.png 2048w\" sizes=\"(max-width: 2498px) 100vw, 2498px\" \/>\t\t\t\t\t\t\t\t\t\t\t\t\t\t\t<\/div>\n\t\t\t\t<\/div>\n\t\t\t\t\t<\/div>\n\t\t<\/div>\n\t\t\t\t\t\t\t<\/div>\n\t\t<\/section>\n\t\t\t\t<section class=\"elementor-section elementor-top-section elementor-element elementor-element-116a98e elementor-section-boxed elementor-section-height-default elementor-section-height-default\" data-id=\"116a98e\" data-element_type=\"section\">\n\t\t\t\t\t\t<div class=\"elementor-container elementor-column-gap-default\">\n\t\t\t\t\t<div class=\"elementor-column elementor-col-100 elementor-top-column elementor-element elementor-element-5d59795\" data-id=\"5d59795\" data-element_type=\"column\">\n\t\t\t<div class=\"elementor-widget-wrap elementor-element-populated\">\n\t\t\t\t\t\t\t\t<div class=\"elementor-element elementor-element-adaba4e elementor-widget elementor-widget-heading\" data-id=\"adaba4e\" data-element_type=\"widget\" data-widget_type=\"heading.default\">\n\t\t\t\t<div class=\"elementor-widget-container\">\n\t\t\t<style>\/*! elementor - v3.16.0 - 09-10-2023 *\/\n.elementor-heading-title{padding:0;margin:0;line-height:1}.elementor-widget-heading .elementor-heading-title[class*=elementor-size-]>a{color:inherit;font-size:inherit;line-height:inherit}.elementor-widget-heading .elementor-heading-title.elementor-size-small{font-size:15px}.elementor-widget-heading .elementor-heading-title.elementor-size-medium{font-size:19px}.elementor-widget-heading .elementor-heading-title.elementor-size-large{font-size:29px}.elementor-widget-heading .elementor-heading-title.elementor-size-xl{font-size:39px}.elementor-widget-heading .elementor-heading-title.elementor-size-xxl{font-size:59px}<\/style><h2 class=\"elementor-heading-title elementor-size-default\">Dauphin<\/h2>\t\t<\/div>\n\t\t\t\t<\/div>\n\t\t\t\t\t<\/div>\n\t\t<\/div>\n\t\t\t\t\t\t\t<\/div>\n\t\t<\/section>\n\t\t\t\t<section class=\"elementor-section elementor-top-section elementor-element elementor-element-7db20c1d elementor-section-full_width elementor-section-height-min-height elementor-section-content-bottom elementor-section-height-default elementor-section-items-middle\" data-id=\"7db20c1d\" data-element_type=\"section\" data-settings=\"{&quot;background_background&quot;:&quot;classic&quot;}\">\n\t\t\t\t\t\t<div class=\"elementor-container elementor-column-gap-no\">\n\t\t\t\t\t<div class=\"elementor-column elementor-col-100 elementor-top-column elementor-element elementor-element-3200da21\" data-id=\"3200da21\" data-element_type=\"column\">\n\t\t\t<div class=\"elementor-widget-wrap elementor-element-populated\">\n\t\t\t\t\t\t\t\t<div class=\"elementor-element elementor-element-5c87eb8 elementor-absolute elementor-widget elementor-widget-image\" data-id=\"5c87eb8\" data-element_type=\"widget\" data-settings=\"{&quot;motion_fx_motion_fx_scrolling&quot;:&quot;yes&quot;,&quot;motion_fx_translateX_effect&quot;:&quot;yes&quot;,&quot;_position&quot;:&quot;absolute&quot;,&quot;motion_fx_translateX_speed&quot;:{&quot;unit&quot;:&quot;px&quot;,&quot;size&quot;:4,&quot;sizes&quot;:[]},&quot;motion_fx_translateX_affectedRange&quot;:{&quot;unit&quot;:&quot;%&quot;,&quot;size&quot;:&quot;&quot;,&quot;sizes&quot;:{&quot;start&quot;:0,&quot;end&quot;:100}},&quot;motion_fx_devices&quot;:[&quot;desktop&quot;,&quot;tablet&quot;,&quot;mobile&quot;]}\" data-widget_type=\"image.default\">\n\t\t\t\t<div class=\"elementor-widget-container\">\n\t\t\t\t\t\t\t\t\t\t\t\t\t\t\t<img decoding=\"async\" loading=\"lazy\" width=\"313\" height=\"212\" src=\"http:\/\/nfamiglietti.eleves.mediamatique.ch\/site_PO\/wp-content\/uploads\/2021\/11\/poisson.png\" class=\"attachment-full size-full wp-image-214\" alt=\"\" srcset=\"http:\/\/nfamiglietti.eleves.mediamatique.ch\/site_PO\/wp-content\/uploads\/2021\/11\/poisson.png 313w, http:\/\/nfamiglietti.eleves.mediamatique.ch\/site_PO\/wp-content\/uploads\/2021\/11\/poisson-300x203.png 300w\" sizes=\"(max-width: 313px) 100vw, 313px\" \/>\t\t\t\t\t\t\t\t\t\t\t\t\t\t\t<\/div>\n\t\t\t\t<\/div>\n\t\t\t\t<div class=\"elementor-element elementor-element-2ad4440 elementor-absolute elementor-widget elementor-widget-image\" data-id=\"2ad4440\" data-element_type=\"widget\" data-settings=\"{&quot;motion_fx_motion_fx_scrolling&quot;:&quot;yes&quot;,&quot;motion_fx_translateY_effect&quot;:&quot;yes&quot;,&quot;_position&quot;:&quot;absolute&quot;,&quot;motion_fx_translateY_speed&quot;:{&quot;unit&quot;:&quot;px&quot;,&quot;size&quot;:4,&quot;sizes&quot;:[]},&quot;motion_fx_translateY_affectedRange&quot;:{&quot;unit&quot;:&quot;%&quot;,&quot;size&quot;:&quot;&quot;,&quot;sizes&quot;:{&quot;start&quot;:0,&quot;end&quot;:100}},&quot;motion_fx_devices&quot;:[&quot;desktop&quot;,&quot;tablet&quot;,&quot;mobile&quot;]}\" data-widget_type=\"image.default\">\n\t\t\t\t<div class=\"elementor-widget-container\">\n\t\t\t\t\t\t\t\t\t\t\t\t\t\t\t<img decoding=\"async\" loading=\"lazy\" width=\"177\" height=\"207\" src=\"http:\/\/nfamiglietti.eleves.mediamatique.ch\/site_PO\/wp-content\/uploads\/2021\/11\/bulle1.png\" class=\"attachment-full size-full wp-image-211\" alt=\"\" \/>\t\t\t\t\t\t\t\t\t\t\t\t\t\t\t<\/div>\n\t\t\t\t<\/div>\n\t\t\t\t<div class=\"elementor-element elementor-element-eac3bdf elementor-widget elementor-widget-text-editor\" data-id=\"eac3bdf\" data-element_type=\"widget\" data-widget_type=\"text-editor.default\">\n\t\t\t\t<div class=\"elementor-widget-container\">\n\t\t\t<style>\/*! elementor - v3.16.0 - 09-10-2023 *\/\n.elementor-widget-text-editor.elementor-drop-cap-view-stacked .elementor-drop-cap{background-color:#69727d;color:#fff}.elementor-widget-text-editor.elementor-drop-cap-view-framed .elementor-drop-cap{color:#69727d;border:3px solid;background-color:transparent}.elementor-widget-text-editor:not(.elementor-drop-cap-view-default) .elementor-drop-cap{margin-top:8px}.elementor-widget-text-editor:not(.elementor-drop-cap-view-default) .elementor-drop-cap-letter{width:1em;height:1em}.elementor-widget-text-editor .elementor-drop-cap{float:left;text-align:center;line-height:1;font-size:50px}.elementor-widget-text-editor .elementor-drop-cap-letter{display:inline-block}<\/style>\t\t\t\t<p><strong><em>\u00a0 <\/em><\/strong><strong>Description\u00a0<\/strong><\/p><p>Ce type de dauphins \u00e0 bec court est d\u2019une taille de 180 \u00e0 260 cm pour une masse variant de 75 \u00e0 115 kg. Leur dos est d\u2019une teinte allant du gris bleut\u00e9 au noir et leurs flancs pr\u00e9sentent deux grandes t\u00e2ches claires qui se rejoignent en un point situ\u00e9 \u00e0 l\u2019aplomb de la dorsale.<\/p>\t\t\t\t\t\t<\/div>\n\t\t\t\t<\/div>\n\t\t\t\t\t<\/div>\n\t\t<\/div>\n\t\t\t\t\t\t\t<\/div>\n\t\t<\/section>\n\t\t\t\t<section class=\"elementor-section elementor-top-section elementor-element elementor-element-4c427dbc elementor-section-full_width elementor-section-height-default elementor-section-height-default\" data-id=\"4c427dbc\" data-element_type=\"section\" data-settings=\"{&quot;background_background&quot;:&quot;classic&quot;}\">\n\t\t\t\t\t\t<div class=\"elementor-container elementor-column-gap-no\">\n\t\t\t\t\t<div class=\"elementor-column elementor-col-100 elementor-top-column elementor-element elementor-element-1409f806\" data-id=\"1409f806\" data-element_type=\"column\">\n\t\t\t<div class=\"elementor-widget-wrap elementor-element-populated\">\n\t\t\t\t\t\t\t\t<div class=\"elementor-element elementor-element-2bfa405a elementor-absolute elementor-widget elementor-widget-image\" data-id=\"2bfa405a\" data-element_type=\"widget\" data-settings=\"{&quot;motion_fx_motion_fx_scrolling&quot;:&quot;yes&quot;,&quot;motion_fx_translateX_effect&quot;:&quot;yes&quot;,&quot;motion_fx_translateX_direction&quot;:&quot;negative&quot;,&quot;_position&quot;:&quot;absolute&quot;,&quot;motion_fx_translateX_speed&quot;:{&quot;unit&quot;:&quot;px&quot;,&quot;size&quot;:4,&quot;sizes&quot;:[]},&quot;motion_fx_translateX_affectedRange&quot;:{&quot;unit&quot;:&quot;%&quot;,&quot;size&quot;:&quot;&quot;,&quot;sizes&quot;:{&quot;start&quot;:0,&quot;end&quot;:100}},&quot;motion_fx_devices&quot;:[&quot;desktop&quot;,&quot;tablet&quot;,&quot;mobile&quot;]}\" data-widget_type=\"image.default\">\n\t\t\t\t<div class=\"elementor-widget-container\">\n\t\t\t\t\t\t\t\t\t\t\t\t\t\t\t<img decoding=\"async\" loading=\"lazy\" width=\"577\" height=\"296\" src=\"http:\/\/nfamiglietti.eleves.mediamatique.ch\/site_PO\/wp-content\/uploads\/2021\/11\/balaine2.png\" class=\"attachment-full size-full wp-image-210\" alt=\"\" srcset=\"http:\/\/nfamiglietti.eleves.mediamatique.ch\/site_PO\/wp-content\/uploads\/2021\/11\/balaine2.png 577w, http:\/\/nfamiglietti.eleves.mediamatique.ch\/site_PO\/wp-content\/uploads\/2021\/11\/balaine2-300x154.png 300w\" sizes=\"(max-width: 577px) 100vw, 577px\" \/>\t\t\t\t\t\t\t\t\t\t\t\t\t\t\t<\/div>\n\t\t\t\t<\/div>\n\t\t\t\t<div class=\"elementor-element elementor-element-7f017cc elementor-absolute elementor-widget elementor-widget-image\" data-id=\"7f017cc\" data-element_type=\"widget\" data-settings=\"{&quot;motion_fx_motion_fx_scrolling&quot;:&quot;yes&quot;,&quot;motion_fx_translateY_effect&quot;:&quot;yes&quot;,&quot;_position&quot;:&quot;absolute&quot;,&quot;motion_fx_translateY_speed&quot;:{&quot;unit&quot;:&quot;px&quot;,&quot;size&quot;:4,&quot;sizes&quot;:[]},&quot;motion_fx_translateY_affectedRange&quot;:{&quot;unit&quot;:&quot;%&quot;,&quot;size&quot;:&quot;&quot;,&quot;sizes&quot;:{&quot;start&quot;:0,&quot;end&quot;:100}},&quot;motion_fx_devices&quot;:[&quot;desktop&quot;,&quot;tablet&quot;,&quot;mobile&quot;]}\" data-widget_type=\"image.default\">\n\t\t\t\t<div class=\"elementor-widget-container\">\n\t\t\t\t\t\t\t\t\t\t\t\t\t\t\t<img decoding=\"async\" loading=\"lazy\" width=\"177\" height=\"207\" src=\"http:\/\/nfamiglietti.eleves.mediamatique.ch\/site_PO\/wp-content\/uploads\/2021\/11\/bulle1.png\" class=\"attachment-full size-full wp-image-211\" alt=\"\" \/>\t\t\t\t\t\t\t\t\t\t\t\t\t\t\t<\/div>\n\t\t\t\t<\/div>\n\t\t\t\t<div class=\"elementor-element elementor-element-6661c70b elementor-widget elementor-widget-text-editor\" data-id=\"6661c70b\" data-element_type=\"widget\" data-widget_type=\"text-editor.default\">\n\t\t\t\t<div class=\"elementor-widget-container\">\n\t\t\t\t\t\t\t<p><strong>Habitat\u00a0<\/strong><\/p><p>\u00a0Cette esp\u00e8ce se situe en m\u00e9diterran\u00e9e et dans la partie Est de la mer Noire. Ils se d\u00e9placent souvent en groupe pr\u00e8s des c\u00f4tes, surtout en \u00e9t\u00e9.<\/p><p><strong>\u00a0 Alimentation\u00a0<\/strong><\/p><p>Cet animal chasse essentiellement en groupe et se nourrit de poissons de surface (Harengs, maquereaux, anchois \u2026), il compl\u00e8te parfois son r\u00e9gime avec des C\u00e9phalopodes.<\/p>\t\t\t\t\t\t<\/div>\n\t\t\t\t<\/div>\n\t\t\t\t\t<\/div>\n\t\t<\/div>\n\t\t\t\t\t\t\t<\/div>\n\t\t<\/section>\n\t\t\t\t<section class=\"elementor-section elementor-top-section elementor-element elementor-element-28c6ae80 elementor-section-full_width elementor-section-height-default elementor-section-height-default\" data-id=\"28c6ae80\" data-element_type=\"section\" data-settings=\"{&quot;background_background&quot;:&quot;classic&quot;}\">\n\t\t\t\t\t\t<div class=\"elementor-container elementor-column-gap-no\">\n\t\t\t\t\t<div class=\"elementor-column elementor-col-100 elementor-top-column elementor-element elementor-element-4da899c8\" data-id=\"4da899c8\" data-element_type=\"column\">\n\t\t\t<div class=\"elementor-widget-wrap elementor-element-populated\">\n\t\t\t\t\t\t\t\t<div class=\"elementor-element elementor-element-69a68ba4 elementor-widget elementor-widget-text-editor\" data-id=\"69a68ba4\" data-element_type=\"widget\" data-widget_type=\"text-editor.default\">\n\t\t\t\t<div class=\"elementor-widget-container\">\n\t\t\t\t\t\t\t<p><strong>Reproduction\u00a0<\/strong><\/p><p>\u00a0Ce dauphin atteint en moyenne sa maturit\u00e9 sexuelle \u00e0 l\u2019\u00e2ge de huit ans pour les femelles et onze ans pour les m\u00e2les. Les petits mesurent de 80 \u00e0 95 cm de long. La femelle peut se reproduire tous les ans \u00e0 trois ans.<\/p><p><strong>\u00a0 Statut\u00a0<\/strong><\/p><p>Selon l\u2019UICN, cette esp\u00e8ce \u00e0 le statut \u00ab\u00a0LC\u00a0\u00bb (Pr\u00e9occupation mineure) ce qui signifie qu\u2019elle ne remplit pas les crit\u00e8res d\u2019une cat\u00e9gorie en danger.<\/p>\t\t\t\t\t\t<\/div>\n\t\t\t\t<\/div>\n\t\t\t\t<div class=\"elementor-element elementor-element-355ba6c elementor-widget elementor-widget-image\" data-id=\"355ba6c\" data-element_type=\"widget\" data-widget_type=\"image.default\">\n\t\t\t\t<div class=\"elementor-widget-container\">\n\t\t\t\t\t\t\t\t\t\t\t\t\t\t\t<img decoding=\"async\" loading=\"lazy\" width=\"1000\" height=\"504\" src=\"http:\/\/nfamiglietti.eleves.mediamatique.ch\/site_PO\/wp-content\/uploads\/2021\/11\/sable-1.png\" class=\"attachment-full size-full wp-image-601\" alt=\"\" srcset=\"http:\/\/nfamiglietti.eleves.mediamatique.ch\/site_PO\/wp-content\/uploads\/2021\/11\/sable-1.png 1000w, http:\/\/nfamiglietti.eleves.mediamatique.ch\/site_PO\/wp-content\/uploads\/2021\/11\/sable-1-300x151.png 300w, http:\/\/nfamiglietti.eleves.mediamatique.ch\/site_PO\/wp-content\/uploads\/2021\/11\/sable-1-768x387.png 768w\" sizes=\"(max-width: 1000px) 100vw, 1000px\" \/>\t\t\t\t\t\t\t\t\t\t\t\t\t\t\t<\/div>\n\t\t\t\t<\/div>\n\t\t\t\t\t<\/div>\n\t\t<\/div>\n\t\t\t\t\t\t\t<\/div>\n\t\t<\/section>\n\t\t\t\t\t\t\t<\/div>\n\t\t","protected":false},"excerpt":{"rendered":"<p>Dauphin \u00a0 Description\u00a0 Ce type de dauphins \u00e0 bec court est d\u2019une taille de 180 \u00e0 260 cm pour une masse variant de 75 \u00e0 115 kg. Leur dos est d\u2019une teinte allant du gris bleut\u00e9 au noir et leurs flancs pr\u00e9sentent deux grandes t\u00e2ches claires qui se rejoignent en un point situ\u00e9 \u00e0 l\u2019aplomb [&hellip;]<\/p>\n","protected":false},"author":1,"featured_media":0,"parent":0,"menu_order":0,"comment_status":"closed","ping_status":"closed","template":"","meta":{"footnotes":""},"_links":{"self":[{"href":"http:\/\/nfamiglietti.eleves.mediamatique.ch\/site_PO\/wp-json\/wp\/v2\/pages\/28"}],"collection":[{"href":"http:\/\/nfamiglietti.eleves.mediamatique.ch\/site_PO\/wp-json\/wp\/v2\/pages"}],"about":[{"href":"http:\/\/nfamiglietti.eleves.mediamatique.ch\/site_PO\/wp-json\/wp\/v2\/types\/page"}],"author":[{"embeddable":true,"href":"http:\/\/nfamiglietti.eleves.mediamatique.ch\/site_PO\/wp-json\/wp\/v2\/users\/1"}],"replies":[{"embeddable":true,"href":"http:\/\/nfamiglietti.eleves.mediamatique.ch\/site_PO\/wp-json\/wp\/v2\/comments?post=28"}],"version-history":[{"count":52,"href":"http:\/\/nfamiglietti.eleves.mediamatique.ch\/site_PO\/wp-json\/wp\/v2\/pages\/28\/revisions"}],"predecessor-version":[{"id":829,"href":"http:\/\/nfamiglietti.eleves.mediamatique.ch\/site_PO\/wp-json\/wp\/v2\/pages\/28\/revisions\/829"}],"wp:attachment":[{"href":"http:\/\/nfamiglietti.eleves.mediamatique.ch\/site_PO\/wp-json\/wp\/v2\/media?parent=28"}],"curies":[{"name":"wp","href":"https:\/\/api.w.org\/{rel}","templated":true}]}}