{"id":30,"date":"2021-11-11T16:12:37","date_gmt":"2021-11-11T15:12:37","guid":{"rendered":"http:\/\/nfamiglietti.eleves.mediamatique.ch\/site_PO\/?page_id=30"},"modified":"2021-11-25T16:54:10","modified_gmt":"2021-11-25T15:54:10","slug":"pingouin-sauteur-du-sud","status":"publish","type":"page","link":"http:\/\/nfamiglietti.eleves.mediamatique.ch\/site_PO\/pingouin-sauteur-du-sud\/","title":{"rendered":"Pingouin sauteur du sud"},"content":{"rendered":"\t\t<div data-elementor-type=\"wp-page\" data-elementor-id=\"30\" class=\"elementor elementor-30\">\n\t\t\t\t\t\t\t\t\t<section class=\"elementor-section elementor-top-section elementor-element elementor-element-d00440a elementor-section-full_width elementor-section-height-default elementor-section-height-default\" data-id=\"d00440a\" data-element_type=\"section\">\n\t\t\t\t\t\t<div class=\"elementor-container elementor-column-gap-no\">\n\t\t\t\t\t<div class=\"elementor-column elementor-col-100 elementor-top-column elementor-element elementor-element-c631472\" data-id=\"c631472\" data-element_type=\"column\">\n\t\t\t<div class=\"elementor-widget-wrap elementor-element-populated\">\n\t\t\t\t\t\t\t\t<div class=\"elementor-element elementor-element-b23899c elementor-widget elementor-widget-image\" data-id=\"b23899c\" data-element_type=\"widget\" data-widget_type=\"image.default\">\n\t\t\t\t<div class=\"elementor-widget-container\">\n\t\t\t<style>\/*! elementor - v3.16.0 - 09-10-2023 *\/\n.elementor-widget-image{text-align:center}.elementor-widget-image a{display:inline-block}.elementor-widget-image a img[src$=\".svg\"]{width:48px}.elementor-widget-image img{vertical-align:middle;display:inline-block}<\/style>\t\t\t\t\t\t\t\t\t\t\t\t<img decoding=\"async\" loading=\"lazy\" width=\"2431\" height=\"1139\" src=\"http:\/\/nfamiglietti.eleves.mediamatique.ch\/site_PO\/wp-content\/uploads\/2021\/11\/Pinguin-sauteur.png\" class=\"attachment-full size-full wp-image-488\" alt=\"\" srcset=\"http:\/\/nfamiglietti.eleves.mediamatique.ch\/site_PO\/wp-content\/uploads\/2021\/11\/Pinguin-sauteur.png 2431w, http:\/\/nfamiglietti.eleves.mediamatique.ch\/site_PO\/wp-content\/uploads\/2021\/11\/Pinguin-sauteur-300x141.png 300w, http:\/\/nfamiglietti.eleves.mediamatique.ch\/site_PO\/wp-content\/uploads\/2021\/11\/Pinguin-sauteur-1024x480.png 1024w, http:\/\/nfamiglietti.eleves.mediamatique.ch\/site_PO\/wp-content\/uploads\/2021\/11\/Pinguin-sauteur-768x360.png 768w, http:\/\/nfamiglietti.eleves.mediamatique.ch\/site_PO\/wp-content\/uploads\/2021\/11\/Pinguin-sauteur-1536x720.png 1536w, http:\/\/nfamiglietti.eleves.mediamatique.ch\/site_PO\/wp-content\/uploads\/2021\/11\/Pinguin-sauteur-2048x960.png 2048w\" sizes=\"(max-width: 2431px) 100vw, 2431px\" \/>\t\t\t\t\t\t\t\t\t\t\t\t\t\t\t<\/div>\n\t\t\t\t<\/div>\n\t\t\t\t\t<\/div>\n\t\t<\/div>\n\t\t\t\t\t\t\t<\/div>\n\t\t<\/section>\n\t\t\t\t<section class=\"elementor-section elementor-top-section elementor-element elementor-element-3ec47b2 elementor-section-boxed elementor-section-height-default elementor-section-height-default\" data-id=\"3ec47b2\" data-element_type=\"section\">\n\t\t\t\t\t\t<div class=\"elementor-container elementor-column-gap-default\">\n\t\t\t\t\t<div class=\"elementor-column elementor-col-100 elementor-top-column elementor-element elementor-element-1e3ac8f\" data-id=\"1e3ac8f\" data-element_type=\"column\">\n\t\t\t<div class=\"elementor-widget-wrap elementor-element-populated\">\n\t\t\t\t\t\t\t\t<div class=\"elementor-element elementor-element-0a4bb34 elementor-widget elementor-widget-heading\" data-id=\"0a4bb34\" data-element_type=\"widget\" data-widget_type=\"heading.default\">\n\t\t\t\t<div class=\"elementor-widget-container\">\n\t\t\t<style>\/*! elementor - v3.16.0 - 09-10-2023 *\/\n.elementor-heading-title{padding:0;margin:0;line-height:1}.elementor-widget-heading .elementor-heading-title[class*=elementor-size-]>a{color:inherit;font-size:inherit;line-height:inherit}.elementor-widget-heading .elementor-heading-title.elementor-size-small{font-size:15px}.elementor-widget-heading .elementor-heading-title.elementor-size-medium{font-size:19px}.elementor-widget-heading .elementor-heading-title.elementor-size-large{font-size:29px}.elementor-widget-heading .elementor-heading-title.elementor-size-xl{font-size:39px}.elementor-widget-heading .elementor-heading-title.elementor-size-xxl{font-size:59px}<\/style><h2 class=\"elementor-heading-title elementor-size-default\">Pingouin sauteur du sud <\/h2>\t\t<\/div>\n\t\t\t\t<\/div>\n\t\t\t\t\t<\/div>\n\t\t<\/div>\n\t\t\t\t\t\t\t<\/div>\n\t\t<\/section>\n\t\t\t\t<section class=\"elementor-section elementor-top-section elementor-element elementor-element-5026d5ab elementor-section-full_width elementor-section-height-min-height elementor-section-content-bottom elementor-section-height-default elementor-section-items-middle\" data-id=\"5026d5ab\" data-element_type=\"section\" data-settings=\"{&quot;background_background&quot;:&quot;classic&quot;}\">\n\t\t\t\t\t\t<div class=\"elementor-container elementor-column-gap-no\">\n\t\t\t\t\t<div class=\"elementor-column elementor-col-100 elementor-top-column elementor-element elementor-element-5d0169f4\" data-id=\"5d0169f4\" data-element_type=\"column\">\n\t\t\t<div class=\"elementor-widget-wrap elementor-element-populated\">\n\t\t\t\t\t\t\t\t<div class=\"elementor-element elementor-element-684d984 elementor-absolute elementor-widget elementor-widget-image\" data-id=\"684d984\" data-element_type=\"widget\" data-settings=\"{&quot;motion_fx_motion_fx_scrolling&quot;:&quot;yes&quot;,&quot;motion_fx_translateX_effect&quot;:&quot;yes&quot;,&quot;motion_fx_translateX_direction&quot;:&quot;negative&quot;,&quot;_position&quot;:&quot;absolute&quot;,&quot;motion_fx_translateX_speed&quot;:{&quot;unit&quot;:&quot;px&quot;,&quot;size&quot;:4,&quot;sizes&quot;:[]},&quot;motion_fx_translateX_affectedRange&quot;:{&quot;unit&quot;:&quot;%&quot;,&quot;size&quot;:&quot;&quot;,&quot;sizes&quot;:{&quot;start&quot;:0,&quot;end&quot;:100}},&quot;motion_fx_devices&quot;:[&quot;desktop&quot;,&quot;tablet&quot;,&quot;mobile&quot;]}\" data-widget_type=\"image.default\">\n\t\t\t\t<div class=\"elementor-widget-container\">\n\t\t\t\t\t\t\t\t\t\t\t\t\t\t\t<img decoding=\"async\" loading=\"lazy\" width=\"313\" height=\"212\" src=\"http:\/\/nfamiglietti.eleves.mediamatique.ch\/site_PO\/wp-content\/uploads\/2021\/11\/poisson2.png\" class=\"attachment-full size-full wp-image-215\" alt=\"\" srcset=\"http:\/\/nfamiglietti.eleves.mediamatique.ch\/site_PO\/wp-content\/uploads\/2021\/11\/poisson2.png 313w, http:\/\/nfamiglietti.eleves.mediamatique.ch\/site_PO\/wp-content\/uploads\/2021\/11\/poisson2-300x203.png 300w\" sizes=\"(max-width: 313px) 100vw, 313px\" \/>\t\t\t\t\t\t\t\t\t\t\t\t\t\t\t<\/div>\n\t\t\t\t<\/div>\n\t\t\t\t<div class=\"elementor-element elementor-element-243cecca elementor-absolute elementor-widget elementor-widget-image\" data-id=\"243cecca\" data-element_type=\"widget\" data-settings=\"{&quot;motion_fx_motion_fx_scrolling&quot;:&quot;yes&quot;,&quot;motion_fx_translateY_effect&quot;:&quot;yes&quot;,&quot;_position&quot;:&quot;absolute&quot;,&quot;motion_fx_translateY_speed&quot;:{&quot;unit&quot;:&quot;px&quot;,&quot;size&quot;:4,&quot;sizes&quot;:[]},&quot;motion_fx_translateY_affectedRange&quot;:{&quot;unit&quot;:&quot;%&quot;,&quot;size&quot;:&quot;&quot;,&quot;sizes&quot;:{&quot;start&quot;:0,&quot;end&quot;:100}},&quot;motion_fx_devices&quot;:[&quot;desktop&quot;,&quot;tablet&quot;,&quot;mobile&quot;]}\" data-widget_type=\"image.default\">\n\t\t\t\t<div class=\"elementor-widget-container\">\n\t\t\t\t\t\t\t\t\t\t\t\t\t\t\t<img decoding=\"async\" loading=\"lazy\" width=\"177\" height=\"207\" src=\"http:\/\/nfamiglietti.eleves.mediamatique.ch\/site_PO\/wp-content\/uploads\/2021\/11\/bulle1.png\" class=\"attachment-full size-full wp-image-211\" alt=\"\" \/>\t\t\t\t\t\t\t\t\t\t\t\t\t\t\t<\/div>\n\t\t\t\t<\/div>\n\t\t\t\t<div class=\"elementor-element elementor-element-41a82ad4 elementor-widget elementor-widget-text-editor\" data-id=\"41a82ad4\" data-element_type=\"widget\" data-widget_type=\"text-editor.default\">\n\t\t\t\t<div class=\"elementor-widget-container\">\n\t\t\t<style>\/*! elementor - v3.16.0 - 09-10-2023 *\/\n.elementor-widget-text-editor.elementor-drop-cap-view-stacked .elementor-drop-cap{background-color:#69727d;color:#fff}.elementor-widget-text-editor.elementor-drop-cap-view-framed .elementor-drop-cap{color:#69727d;border:3px solid;background-color:transparent}.elementor-widget-text-editor:not(.elementor-drop-cap-view-default) .elementor-drop-cap{margin-top:8px}.elementor-widget-text-editor:not(.elementor-drop-cap-view-default) .elementor-drop-cap-letter{width:1em;height:1em}.elementor-widget-text-editor .elementor-drop-cap{float:left;text-align:center;line-height:1;font-size:50px}.elementor-widget-text-editor .elementor-drop-cap-letter{display:inline-block}<\/style>\t\t\t\t<div><b>Description\u00a0<\/b><\/div><p>Leurs particularit\u00e9s se r\u00e9sument \u00e0 l\u2019\u0153il rouge orang\u00e9 et \u00e0 leurs sourcils jaunes. Ils p\u00e8sent entre 2 kg et 4,3 kg pour une taille de 45 \u00e0 60 cm et peuvent vivre jusqu\u2019\u00e0 30 ans.<\/p>\t\t\t\t\t\t<\/div>\n\t\t\t\t<\/div>\n\t\t\t\t\t<\/div>\n\t\t<\/div>\n\t\t\t\t\t\t\t<\/div>\n\t\t<\/section>\n\t\t\t\t<section class=\"elementor-section elementor-top-section elementor-element elementor-element-54685b04 elementor-section-full_width elementor-section-height-default elementor-section-height-default\" data-id=\"54685b04\" data-element_type=\"section\" data-settings=\"{&quot;background_background&quot;:&quot;classic&quot;}\">\n\t\t\t\t\t\t<div class=\"elementor-container elementor-column-gap-no\">\n\t\t\t\t\t<div class=\"elementor-column elementor-col-100 elementor-top-column elementor-element elementor-element-17830f19\" data-id=\"17830f19\" data-element_type=\"column\">\n\t\t\t<div class=\"elementor-widget-wrap elementor-element-populated\">\n\t\t\t\t\t\t\t\t<div class=\"elementor-element elementor-element-7a4e7649 elementor-absolute elementor-widget elementor-widget-image\" data-id=\"7a4e7649\" data-element_type=\"widget\" data-settings=\"{&quot;motion_fx_motion_fx_scrolling&quot;:&quot;yes&quot;,&quot;motion_fx_translateY_effect&quot;:&quot;yes&quot;,&quot;_position&quot;:&quot;absolute&quot;,&quot;motion_fx_translateY_speed&quot;:{&quot;unit&quot;:&quot;px&quot;,&quot;size&quot;:4,&quot;sizes&quot;:[]},&quot;motion_fx_translateY_affectedRange&quot;:{&quot;unit&quot;:&quot;%&quot;,&quot;size&quot;:&quot;&quot;,&quot;sizes&quot;:{&quot;start&quot;:0,&quot;end&quot;:100}},&quot;motion_fx_devices&quot;:[&quot;desktop&quot;,&quot;tablet&quot;,&quot;mobile&quot;]}\" data-widget_type=\"image.default\">\n\t\t\t\t<div class=\"elementor-widget-container\">\n\t\t\t\t\t\t\t\t\t\t\t\t\t\t\t<img decoding=\"async\" loading=\"lazy\" width=\"177\" height=\"207\" src=\"http:\/\/nfamiglietti.eleves.mediamatique.ch\/site_PO\/wp-content\/uploads\/2021\/11\/bulle1.png\" class=\"attachment-full size-full wp-image-211\" alt=\"\" \/>\t\t\t\t\t\t\t\t\t\t\t\t\t\t\t<\/div>\n\t\t\t\t<\/div>\n\t\t\t\t<div class=\"elementor-element elementor-element-29719f5 elementor-absolute elementor-widget elementor-widget-image\" data-id=\"29719f5\" data-element_type=\"widget\" data-settings=\"{&quot;motion_fx_motion_fx_scrolling&quot;:&quot;yes&quot;,&quot;motion_fx_translateX_effect&quot;:&quot;yes&quot;,&quot;_position&quot;:&quot;absolute&quot;,&quot;motion_fx_translateX_speed&quot;:{&quot;unit&quot;:&quot;px&quot;,&quot;size&quot;:4,&quot;sizes&quot;:[]},&quot;motion_fx_translateX_affectedRange&quot;:{&quot;unit&quot;:&quot;%&quot;,&quot;size&quot;:&quot;&quot;,&quot;sizes&quot;:{&quot;start&quot;:0,&quot;end&quot;:100}},&quot;motion_fx_devices&quot;:[&quot;desktop&quot;,&quot;tablet&quot;,&quot;mobile&quot;]}\" data-widget_type=\"image.default\">\n\t\t\t\t<div class=\"elementor-widget-container\">\n\t\t\t\t\t\t\t\t\t\t\t\t\t\t\t<img decoding=\"async\" loading=\"lazy\" width=\"577\" height=\"295\" src=\"http:\/\/nfamiglietti.eleves.mediamatique.ch\/site_PO\/wp-content\/uploads\/2021\/11\/Balaine.png\" class=\"attachment-full size-full wp-image-209\" alt=\"\" srcset=\"http:\/\/nfamiglietti.eleves.mediamatique.ch\/site_PO\/wp-content\/uploads\/2021\/11\/Balaine.png 577w, http:\/\/nfamiglietti.eleves.mediamatique.ch\/site_PO\/wp-content\/uploads\/2021\/11\/Balaine-300x153.png 300w\" sizes=\"(max-width: 577px) 100vw, 577px\" \/>\t\t\t\t\t\t\t\t\t\t\t\t\t\t\t<\/div>\n\t\t\t\t<\/div>\n\t\t\t\t<div class=\"elementor-element elementor-element-4135f0d9 elementor-widget elementor-widget-text-editor\" data-id=\"4135f0d9\" data-element_type=\"widget\" data-widget_type=\"text-editor.default\">\n\t\t\t\t<div class=\"elementor-widget-container\">\n\t\t\t\t\t\t\t<p><strong>Habitat\u00a0<\/strong><\/p><p>Cet oiseau se reproduit \u00e0 travers les \u00eeles subantarctiques.<\/p><p>\u00a0<strong>Alimentation <\/strong><\/p><p>Le gorfou est un p\u00eacheur qui mange surtout des crustac\u00e9s et des petits poissons, il peut atteindre une profondeur d\u2019environ 100m. Il revient sur terre seulement lorsqu\u2019il mue ou pour se reproduire.<\/p>\t\t\t\t\t\t<\/div>\n\t\t\t\t<\/div>\n\t\t\t\t\t<\/div>\n\t\t<\/div>\n\t\t\t\t\t\t\t<\/div>\n\t\t<\/section>\n\t\t\t\t<section class=\"elementor-section elementor-top-section elementor-element elementor-element-5ea9a764 elementor-section-full_width elementor-section-height-default elementor-section-height-default\" data-id=\"5ea9a764\" data-element_type=\"section\" data-settings=\"{&quot;background_background&quot;:&quot;classic&quot;}\">\n\t\t\t\t\t\t<div class=\"elementor-container elementor-column-gap-no\">\n\t\t\t\t\t<div class=\"elementor-column elementor-col-100 elementor-top-column elementor-element elementor-element-4bc78244\" data-id=\"4bc78244\" data-element_type=\"column\">\n\t\t\t<div class=\"elementor-widget-wrap elementor-element-populated\">\n\t\t\t\t\t\t\t\t<div class=\"elementor-element elementor-element-6507759e elementor-widget elementor-widget-text-editor\" data-id=\"6507759e\" data-element_type=\"widget\" data-widget_type=\"text-editor.default\">\n\t\t\t\t<div class=\"elementor-widget-container\">\n\t\t\t\t\t\t\t<p><strong>Reproduction\u00a0<\/strong><\/p><p>La p\u00e9riode de reproduction est d\u2019octobre \u00e0 avril. Les parents prot\u00e8gent le nid tout au long de l\u2019incubation qui dure entre 30 et 35 jours. Les parents vont le nourrir pendant encore 30 jours avant que le petit puisse se nourrir tout seul.<\/p><p><strong>Statut<\/strong><\/p><p>\u00a0Selon l\u2019UICN, cette esp\u00e8ce est vuln\u00e9rable ce qui veux dire qu\u2019il y a un haut risque de mise en danger. Cette esp\u00e8ce est en danger \u00e0 cause des pr\u00e9dateurs qu\u2019ils la chassent.<\/p>\t\t\t\t\t\t<\/div>\n\t\t\t\t<\/div>\n\t\t\t\t<div class=\"elementor-element elementor-element-4b0d30c9 elementor-widget elementor-widget-image\" data-id=\"4b0d30c9\" data-element_type=\"widget\" data-widget_type=\"image.default\">\n\t\t\t\t<div class=\"elementor-widget-container\">\n\t\t\t\t\t\t\t\t\t\t\t\t\t\t\t<img decoding=\"async\" loading=\"lazy\" width=\"1000\" height=\"504\" src=\"http:\/\/nfamiglietti.eleves.mediamatique.ch\/site_PO\/wp-content\/uploads\/2021\/11\/sable-1.png\" class=\"attachment-full size-full wp-image-601\" alt=\"\" srcset=\"http:\/\/nfamiglietti.eleves.mediamatique.ch\/site_PO\/wp-content\/uploads\/2021\/11\/sable-1.png 1000w, http:\/\/nfamiglietti.eleves.mediamatique.ch\/site_PO\/wp-content\/uploads\/2021\/11\/sable-1-300x151.png 300w, http:\/\/nfamiglietti.eleves.mediamatique.ch\/site_PO\/wp-content\/uploads\/2021\/11\/sable-1-768x387.png 768w\" sizes=\"(max-width: 1000px) 100vw, 1000px\" \/>\t\t\t\t\t\t\t\t\t\t\t\t\t\t\t<\/div>\n\t\t\t\t<\/div>\n\t\t\t\t\t<\/div>\n\t\t<\/div>\n\t\t\t\t\t\t\t<\/div>\n\t\t<\/section>\n\t\t\t\t\t\t\t<\/div>\n\t\t","protected":false},"excerpt":{"rendered":"<p>Pingouin sauteur du sud Description\u00a0 Leurs particularit\u00e9s se r\u00e9sument \u00e0 l\u2019\u0153il rouge orang\u00e9 et \u00e0 leurs sourcils jaunes. Ils p\u00e8sent entre 2 kg et 4,3 kg pour une taille de 45 \u00e0 60 cm et peuvent vivre jusqu\u2019\u00e0 30 ans. Habitat\u00a0 Cet oiseau se reproduit \u00e0 travers les \u00eeles subantarctiques. \u00a0Alimentation Le gorfou est un [&hellip;]<\/p>\n","protected":false},"author":1,"featured_media":0,"parent":0,"menu_order":0,"comment_status":"closed","ping_status":"closed","template":"","meta":{"footnotes":""},"_links":{"self":[{"href":"http:\/\/nfamiglietti.eleves.mediamatique.ch\/site_PO\/wp-json\/wp\/v2\/pages\/30"}],"collection":[{"href":"http:\/\/nfamiglietti.eleves.mediamatique.ch\/site_PO\/wp-json\/wp\/v2\/pages"}],"about":[{"href":"http:\/\/nfamiglietti.eleves.mediamatique.ch\/site_PO\/wp-json\/wp\/v2\/types\/page"}],"author":[{"embeddable":true,"href":"http:\/\/nfamiglietti.eleves.mediamatique.ch\/site_PO\/wp-json\/wp\/v2\/users\/1"}],"replies":[{"embeddable":true,"href":"http:\/\/nfamiglietti.eleves.mediamatique.ch\/site_PO\/wp-json\/wp\/v2\/comments?post=30"}],"version-history":[{"count":28,"href":"http:\/\/nfamiglietti.eleves.mediamatique.ch\/site_PO\/wp-json\/wp\/v2\/pages\/30\/revisions"}],"predecessor-version":[{"id":850,"href":"http:\/\/nfamiglietti.eleves.mediamatique.ch\/site_PO\/wp-json\/wp\/v2\/pages\/30\/revisions\/850"}],"wp:attachment":[{"href":"http:\/\/nfamiglietti.eleves.mediamatique.ch\/site_PO\/wp-json\/wp\/v2\/media?parent=30"}],"curies":[{"name":"wp","href":"https:\/\/api.w.org\/{rel}","templated":true}]}}