{"id":32,"date":"2021-11-11T16:12:54","date_gmt":"2021-11-11T15:12:54","guid":{"rendered":"http:\/\/nfamiglietti.eleves.mediamatique.ch\/site_PO\/?page_id=32"},"modified":"2021-11-25T16:55:27","modified_gmt":"2021-11-25T15:55:27","slug":"raie-du-diable","status":"publish","type":"page","link":"http:\/\/nfamiglietti.eleves.mediamatique.ch\/site_PO\/raie-du-diable\/","title":{"rendered":"Raie du diable"},"content":{"rendered":"\t\t<div data-elementor-type=\"wp-page\" data-elementor-id=\"32\" class=\"elementor elementor-32\">\n\t\t\t\t\t\t\t\t\t<section class=\"elementor-section elementor-top-section elementor-element elementor-element-f25d3ba elementor-section-full_width elementor-section-height-default elementor-section-height-default\" data-id=\"f25d3ba\" data-element_type=\"section\">\n\t\t\t\t\t\t<div class=\"elementor-container elementor-column-gap-no\">\n\t\t\t\t\t<div class=\"elementor-column elementor-col-100 elementor-top-column elementor-element elementor-element-8231752\" data-id=\"8231752\" data-element_type=\"column\">\n\t\t\t<div class=\"elementor-widget-wrap elementor-element-populated\">\n\t\t\t\t\t\t\t\t<div class=\"elementor-element elementor-element-4e668b5 elementor-widget elementor-widget-image\" data-id=\"4e668b5\" data-element_type=\"widget\" data-widget_type=\"image.default\">\n\t\t\t\t<div class=\"elementor-widget-container\">\n\t\t\t<style>\/*! elementor - v3.16.0 - 09-10-2023 *\/\n.elementor-widget-image{text-align:center}.elementor-widget-image a{display:inline-block}.elementor-widget-image a img[src$=\".svg\"]{width:48px}.elementor-widget-image img{vertical-align:middle;display:inline-block}<\/style>\t\t\t\t\t\t\t\t\t\t\t\t<img decoding=\"async\" loading=\"lazy\" width=\"3708\" height=\"1790\" src=\"http:\/\/nfamiglietti.eleves.mediamatique.ch\/site_PO\/wp-content\/uploads\/2021\/11\/raie-1.png\" class=\"attachment-full size-full wp-image-405\" alt=\"\" srcset=\"http:\/\/nfamiglietti.eleves.mediamatique.ch\/site_PO\/wp-content\/uploads\/2021\/11\/raie-1.png 3708w, http:\/\/nfamiglietti.eleves.mediamatique.ch\/site_PO\/wp-content\/uploads\/2021\/11\/raie-1-300x145.png 300w, http:\/\/nfamiglietti.eleves.mediamatique.ch\/site_PO\/wp-content\/uploads\/2021\/11\/raie-1-1024x494.png 1024w, http:\/\/nfamiglietti.eleves.mediamatique.ch\/site_PO\/wp-content\/uploads\/2021\/11\/raie-1-768x371.png 768w, http:\/\/nfamiglietti.eleves.mediamatique.ch\/site_PO\/wp-content\/uploads\/2021\/11\/raie-1-1536x741.png 1536w, http:\/\/nfamiglietti.eleves.mediamatique.ch\/site_PO\/wp-content\/uploads\/2021\/11\/raie-1-2048x989.png 2048w\" sizes=\"(max-width: 3708px) 100vw, 3708px\" \/>\t\t\t\t\t\t\t\t\t\t\t\t\t\t\t<\/div>\n\t\t\t\t<\/div>\n\t\t\t\t\t<\/div>\n\t\t<\/div>\n\t\t\t\t\t\t\t<\/div>\n\t\t<\/section>\n\t\t\t\t<section class=\"elementor-section elementor-top-section elementor-element elementor-element-236c053 elementor-section-boxed elementor-section-height-default elementor-section-height-default\" data-id=\"236c053\" data-element_type=\"section\">\n\t\t\t\t\t\t<div class=\"elementor-container elementor-column-gap-default\">\n\t\t\t\t\t<div class=\"elementor-column elementor-col-100 elementor-top-column elementor-element elementor-element-ef16f76\" data-id=\"ef16f76\" data-element_type=\"column\">\n\t\t\t<div class=\"elementor-widget-wrap elementor-element-populated\">\n\t\t\t\t\t\t\t\t<div class=\"elementor-element elementor-element-77d8611 elementor-widget elementor-widget-heading\" data-id=\"77d8611\" data-element_type=\"widget\" data-widget_type=\"heading.default\">\n\t\t\t\t<div class=\"elementor-widget-container\">\n\t\t\t<style>\/*! elementor - v3.16.0 - 09-10-2023 *\/\n.elementor-heading-title{padding:0;margin:0;line-height:1}.elementor-widget-heading .elementor-heading-title[class*=elementor-size-]>a{color:inherit;font-size:inherit;line-height:inherit}.elementor-widget-heading .elementor-heading-title.elementor-size-small{font-size:15px}.elementor-widget-heading .elementor-heading-title.elementor-size-medium{font-size:19px}.elementor-widget-heading .elementor-heading-title.elementor-size-large{font-size:29px}.elementor-widget-heading .elementor-heading-title.elementor-size-xl{font-size:39px}.elementor-widget-heading .elementor-heading-title.elementor-size-xxl{font-size:59px}<\/style><h2 class=\"elementor-heading-title elementor-size-default\">Raie du diable<\/h2>\t\t<\/div>\n\t\t\t\t<\/div>\n\t\t\t\t\t<\/div>\n\t\t<\/div>\n\t\t\t\t\t\t\t<\/div>\n\t\t<\/section>\n\t\t\t\t<section class=\"elementor-section elementor-top-section elementor-element elementor-element-57b46781 elementor-section-full_width elementor-section-height-min-height elementor-section-content-bottom elementor-section-height-default elementor-section-items-middle\" data-id=\"57b46781\" data-element_type=\"section\" data-settings=\"{&quot;background_background&quot;:&quot;classic&quot;}\">\n\t\t\t\t\t\t<div class=\"elementor-container elementor-column-gap-no\">\n\t\t\t\t\t<div class=\"elementor-column elementor-col-100 elementor-top-column elementor-element elementor-element-25fe41a6\" data-id=\"25fe41a6\" data-element_type=\"column\">\n\t\t\t<div class=\"elementor-widget-wrap elementor-element-populated\">\n\t\t\t\t\t\t\t\t<div class=\"elementor-element elementor-element-e559364 elementor-absolute elementor-widget elementor-widget-image\" data-id=\"e559364\" data-element_type=\"widget\" data-settings=\"{&quot;motion_fx_motion_fx_scrolling&quot;:&quot;yes&quot;,&quot;motion_fx_translateX_effect&quot;:&quot;yes&quot;,&quot;motion_fx_translateX_direction&quot;:&quot;negative&quot;,&quot;_position&quot;:&quot;absolute&quot;,&quot;motion_fx_translateX_speed&quot;:{&quot;unit&quot;:&quot;px&quot;,&quot;size&quot;:4,&quot;sizes&quot;:[]},&quot;motion_fx_translateX_affectedRange&quot;:{&quot;unit&quot;:&quot;%&quot;,&quot;size&quot;:&quot;&quot;,&quot;sizes&quot;:{&quot;start&quot;:0,&quot;end&quot;:100}},&quot;motion_fx_devices&quot;:[&quot;desktop&quot;,&quot;tablet&quot;,&quot;mobile&quot;]}\" data-widget_type=\"image.default\">\n\t\t\t\t<div class=\"elementor-widget-container\">\n\t\t\t\t\t\t\t\t\t\t\t\t\t\t\t<img decoding=\"async\" loading=\"lazy\" width=\"464\" height=\"133\" src=\"http:\/\/nfamiglietti.eleves.mediamatique.ch\/site_PO\/wp-content\/uploads\/2021\/11\/anguille2.png\" class=\"attachment-full size-full wp-image-208\" alt=\"\" srcset=\"http:\/\/nfamiglietti.eleves.mediamatique.ch\/site_PO\/wp-content\/uploads\/2021\/11\/anguille2.png 464w, http:\/\/nfamiglietti.eleves.mediamatique.ch\/site_PO\/wp-content\/uploads\/2021\/11\/anguille2-300x86.png 300w\" sizes=\"(max-width: 464px) 100vw, 464px\" \/>\t\t\t\t\t\t\t\t\t\t\t\t\t\t\t<\/div>\n\t\t\t\t<\/div>\n\t\t\t\t<div class=\"elementor-element elementor-element-375013e3 elementor-absolute elementor-widget elementor-widget-image\" data-id=\"375013e3\" data-element_type=\"widget\" data-settings=\"{&quot;motion_fx_motion_fx_scrolling&quot;:&quot;yes&quot;,&quot;motion_fx_translateY_effect&quot;:&quot;yes&quot;,&quot;_position&quot;:&quot;absolute&quot;,&quot;motion_fx_translateY_speed&quot;:{&quot;unit&quot;:&quot;px&quot;,&quot;size&quot;:4,&quot;sizes&quot;:[]},&quot;motion_fx_translateY_affectedRange&quot;:{&quot;unit&quot;:&quot;%&quot;,&quot;size&quot;:&quot;&quot;,&quot;sizes&quot;:{&quot;start&quot;:0,&quot;end&quot;:100}},&quot;motion_fx_devices&quot;:[&quot;desktop&quot;,&quot;tablet&quot;,&quot;mobile&quot;]}\" data-widget_type=\"image.default\">\n\t\t\t\t<div class=\"elementor-widget-container\">\n\t\t\t\t\t\t\t\t\t\t\t\t\t\t\t<img decoding=\"async\" loading=\"lazy\" width=\"177\" height=\"207\" src=\"http:\/\/nfamiglietti.eleves.mediamatique.ch\/site_PO\/wp-content\/uploads\/2021\/11\/bulle1.png\" class=\"attachment-full size-full wp-image-211\" alt=\"\" \/>\t\t\t\t\t\t\t\t\t\t\t\t\t\t\t<\/div>\n\t\t\t\t<\/div>\n\t\t\t\t<div class=\"elementor-element elementor-element-6882f3f7 elementor-widget elementor-widget-text-editor\" data-id=\"6882f3f7\" data-element_type=\"widget\" data-widget_type=\"text-editor.default\">\n\t\t\t\t<div class=\"elementor-widget-container\">\n\t\t\t<style>\/*! elementor - v3.16.0 - 09-10-2023 *\/\n.elementor-widget-text-editor.elementor-drop-cap-view-stacked .elementor-drop-cap{background-color:#69727d;color:#fff}.elementor-widget-text-editor.elementor-drop-cap-view-framed .elementor-drop-cap{color:#69727d;border:3px solid;background-color:transparent}.elementor-widget-text-editor:not(.elementor-drop-cap-view-default) .elementor-drop-cap{margin-top:8px}.elementor-widget-text-editor:not(.elementor-drop-cap-view-default) .elementor-drop-cap-letter{width:1em;height:1em}.elementor-widget-text-editor .elementor-drop-cap{float:left;text-align:center;line-height:1;font-size:50px}.elementor-widget-text-editor .elementor-drop-cap-letter{display:inline-block}<\/style>\t\t\t\t<p><strong>Description <\/strong><\/p><p><strong>\u00a0<\/strong>Vivant entre 0 et 1115 m de profondeur, c\u2019est la seule esp\u00e8ce de mobulid\u00e9s qui vit en m\u00e9diterran\u00e9e.Une raie adulte font en g\u00e9n\u00e9ral 350 cm de diam\u00e8tre. Cette esp\u00e8ce est facilement reconnaissable notamment gr\u00e2ce \u00e0 sa queue et \u00e0 sa bouche.<\/p>\t\t\t\t\t\t<\/div>\n\t\t\t\t<\/div>\n\t\t\t\t\t<\/div>\n\t\t<\/div>\n\t\t\t\t\t\t\t<\/div>\n\t\t<\/section>\n\t\t\t\t<section class=\"elementor-section elementor-top-section elementor-element elementor-element-5f684529 elementor-section-full_width elementor-section-height-default elementor-section-height-default\" data-id=\"5f684529\" data-element_type=\"section\" data-settings=\"{&quot;background_background&quot;:&quot;classic&quot;}\">\n\t\t\t\t\t\t<div class=\"elementor-container elementor-column-gap-no\">\n\t\t\t\t\t<div class=\"elementor-column elementor-col-100 elementor-top-column elementor-element elementor-element-54a0bd40\" data-id=\"54a0bd40\" data-element_type=\"column\">\n\t\t\t<div class=\"elementor-widget-wrap elementor-element-populated\">\n\t\t\t\t\t\t\t\t<div class=\"elementor-element elementor-element-a5b2f4e elementor-absolute elementor-widget elementor-widget-image\" data-id=\"a5b2f4e\" data-element_type=\"widget\" data-settings=\"{&quot;motion_fx_motion_fx_scrolling&quot;:&quot;yes&quot;,&quot;motion_fx_translateX_effect&quot;:&quot;yes&quot;,&quot;_position&quot;:&quot;absolute&quot;,&quot;motion_fx_translateX_speed&quot;:{&quot;unit&quot;:&quot;px&quot;,&quot;size&quot;:4,&quot;sizes&quot;:[]},&quot;motion_fx_translateX_affectedRange&quot;:{&quot;unit&quot;:&quot;%&quot;,&quot;size&quot;:&quot;&quot;,&quot;sizes&quot;:{&quot;start&quot;:0,&quot;end&quot;:100}},&quot;motion_fx_devices&quot;:[&quot;desktop&quot;,&quot;tablet&quot;,&quot;mobile&quot;]}\" data-widget_type=\"image.default\">\n\t\t\t\t<div class=\"elementor-widget-container\">\n\t\t\t\t\t\t\t\t\t\t\t\t\t\t\t<img decoding=\"async\" loading=\"lazy\" width=\"313\" height=\"212\" src=\"http:\/\/nfamiglietti.eleves.mediamatique.ch\/site_PO\/wp-content\/uploads\/2021\/11\/poisson.png\" class=\"attachment-full size-full wp-image-214\" alt=\"\" srcset=\"http:\/\/nfamiglietti.eleves.mediamatique.ch\/site_PO\/wp-content\/uploads\/2021\/11\/poisson.png 313w, http:\/\/nfamiglietti.eleves.mediamatique.ch\/site_PO\/wp-content\/uploads\/2021\/11\/poisson-300x203.png 300w\" sizes=\"(max-width: 313px) 100vw, 313px\" \/>\t\t\t\t\t\t\t\t\t\t\t\t\t\t\t<\/div>\n\t\t\t\t<\/div>\n\t\t\t\t<div class=\"elementor-element elementor-element-2875fbb3 elementor-absolute elementor-widget elementor-widget-image\" data-id=\"2875fbb3\" data-element_type=\"widget\" data-settings=\"{&quot;motion_fx_motion_fx_scrolling&quot;:&quot;yes&quot;,&quot;motion_fx_translateY_effect&quot;:&quot;yes&quot;,&quot;_position&quot;:&quot;absolute&quot;,&quot;motion_fx_translateY_speed&quot;:{&quot;unit&quot;:&quot;px&quot;,&quot;size&quot;:4,&quot;sizes&quot;:[]},&quot;motion_fx_translateY_affectedRange&quot;:{&quot;unit&quot;:&quot;%&quot;,&quot;size&quot;:&quot;&quot;,&quot;sizes&quot;:{&quot;start&quot;:0,&quot;end&quot;:100}},&quot;motion_fx_devices&quot;:[&quot;desktop&quot;,&quot;tablet&quot;,&quot;mobile&quot;]}\" data-widget_type=\"image.default\">\n\t\t\t\t<div class=\"elementor-widget-container\">\n\t\t\t\t\t\t\t\t\t\t\t\t\t\t\t<img decoding=\"async\" loading=\"lazy\" width=\"177\" height=\"207\" src=\"http:\/\/nfamiglietti.eleves.mediamatique.ch\/site_PO\/wp-content\/uploads\/2021\/11\/bulle1.png\" class=\"attachment-full size-full wp-image-211\" alt=\"\" \/>\t\t\t\t\t\t\t\t\t\t\t\t\t\t\t<\/div>\n\t\t\t\t<\/div>\n\t\t\t\t<div class=\"elementor-element elementor-element-413e3ee5 elementor-widget elementor-widget-text-editor\" data-id=\"413e3ee5\" data-element_type=\"widget\" data-widget_type=\"text-editor.default\">\n\t\t\t\t<div class=\"elementor-widget-container\">\n\t\t\t\t\t\t\t<div><p><strong>Habitat\u00a0<\/strong><\/p><p>\u00a0Cette Raie vit sur les c\u00f4tes et au large des mers chaudes, la zone intertropicale. C\u2019est \u00e9galement la seule esp\u00e8ce de mobulid\u00e9s que l\u2019on retrouve en mer\u00a0M\u00e9diterran\u00e9e. Cet animal vit en g\u00e9n\u00e9ral seul, mise \u00e0 part pour la chasse et la reproduction. Une Raie peut se d\u00e9placer sur plus de 1&rsquo;800 km par an.<\/p><p><strong>Alimentation <\/strong><\/p><p><strong>\u00a0<\/strong>\u00a0Les diables de mer m\u00e9diterran\u00e9ens se nourrissent de planctons, de petits bancs de poissons et de krill.<\/p><\/div>\t\t\t\t\t\t<\/div>\n\t\t\t\t<\/div>\n\t\t\t\t\t<\/div>\n\t\t<\/div>\n\t\t\t\t\t\t\t<\/div>\n\t\t<\/section>\n\t\t\t\t<section class=\"elementor-section elementor-top-section elementor-element elementor-element-565a1011 elementor-section-full_width elementor-section-height-default elementor-section-height-default\" data-id=\"565a1011\" data-element_type=\"section\" data-settings=\"{&quot;background_background&quot;:&quot;classic&quot;}\">\n\t\t\t\t\t\t<div class=\"elementor-container elementor-column-gap-no\">\n\t\t\t\t\t<div class=\"elementor-column elementor-col-100 elementor-top-column elementor-element elementor-element-93678f3\" data-id=\"93678f3\" data-element_type=\"column\">\n\t\t\t<div class=\"elementor-widget-wrap elementor-element-populated\">\n\t\t\t\t\t\t\t\t<div class=\"elementor-element elementor-element-6f1dada1 elementor-widget elementor-widget-text-editor\" data-id=\"6f1dada1\" data-element_type=\"widget\" data-widget_type=\"text-editor.default\">\n\t\t\t\t<div class=\"elementor-widget-container\">\n\t\t\t\t\t\t\t<p><strong>Reproduction<\/strong><\/p><p>Les Mobula Mobular se reproduisent de mani\u00e8re vivipare aplacentaire (dans un \u0153uf), la gestation dure 12 mois et il y a en g\u00e9n\u00e9ral que 1 ou 2 petits. Un cycle de reproduction prendra au moins 2 ans car il y a des p\u00e9riodes de repos entre les gestations. Cette esp\u00e8ce peut vivre jusqu\u2019\u00e0 20 ans.<\/p><p><strong>Statut\u00a0<\/strong><\/p><p>Selon l\u2019UICN, cet animal est en danger car il y a un gros risque d\u2019extinction dans la nature (Elle est consid\u00e9r\u00e9e comme \u00e9teinte en Martinique). Victime accidentelle de la p\u00eache, elles se font souvent capturer par les p\u00eacheries industrielles ou artisanales qui vont les revendre pour leur viande, leur peau, leur huile de foie ou encore pour leurs plaques branchiales.<\/p>\t\t\t\t\t\t<\/div>\n\t\t\t\t<\/div>\n\t\t\t\t<div class=\"elementor-element elementor-element-f5852cd elementor-widget elementor-widget-image\" data-id=\"f5852cd\" data-element_type=\"widget\" data-widget_type=\"image.default\">\n\t\t\t\t<div class=\"elementor-widget-container\">\n\t\t\t\t\t\t\t\t\t\t\t\t\t\t\t<img decoding=\"async\" loading=\"lazy\" width=\"1000\" height=\"504\" src=\"http:\/\/nfamiglietti.eleves.mediamatique.ch\/site_PO\/wp-content\/uploads\/2021\/11\/sable-1.png\" class=\"attachment-full size-full wp-image-601\" alt=\"\" srcset=\"http:\/\/nfamiglietti.eleves.mediamatique.ch\/site_PO\/wp-content\/uploads\/2021\/11\/sable-1.png 1000w, http:\/\/nfamiglietti.eleves.mediamatique.ch\/site_PO\/wp-content\/uploads\/2021\/11\/sable-1-300x151.png 300w, http:\/\/nfamiglietti.eleves.mediamatique.ch\/site_PO\/wp-content\/uploads\/2021\/11\/sable-1-768x387.png 768w\" sizes=\"(max-width: 1000px) 100vw, 1000px\" \/>\t\t\t\t\t\t\t\t\t\t\t\t\t\t\t<\/div>\n\t\t\t\t<\/div>\n\t\t\t\t\t<\/div>\n\t\t<\/div>\n\t\t\t\t\t\t\t<\/div>\n\t\t<\/section>\n\t\t\t\t\t\t\t<\/div>\n\t\t","protected":false},"excerpt":{"rendered":"<p>Raie du diable Description \u00a0Vivant entre 0 et 1115 m de profondeur, c\u2019est la seule esp\u00e8ce de mobulid\u00e9s qui vit en m\u00e9diterran\u00e9e.Une raie adulte font en g\u00e9n\u00e9ral 350 cm de diam\u00e8tre. Cette esp\u00e8ce est facilement reconnaissable notamment gr\u00e2ce \u00e0 sa queue et \u00e0 sa bouche. Habitat\u00a0 \u00a0Cette Raie vit sur les c\u00f4tes et au large [&hellip;]<\/p>\n","protected":false},"author":1,"featured_media":0,"parent":0,"menu_order":0,"comment_status":"closed","ping_status":"closed","template":"","meta":{"footnotes":""},"_links":{"self":[{"href":"http:\/\/nfamiglietti.eleves.mediamatique.ch\/site_PO\/wp-json\/wp\/v2\/pages\/32"}],"collection":[{"href":"http:\/\/nfamiglietti.eleves.mediamatique.ch\/site_PO\/wp-json\/wp\/v2\/pages"}],"about":[{"href":"http:\/\/nfamiglietti.eleves.mediamatique.ch\/site_PO\/wp-json\/wp\/v2\/types\/page"}],"author":[{"embeddable":true,"href":"http:\/\/nfamiglietti.eleves.mediamatique.ch\/site_PO\/wp-json\/wp\/v2\/users\/1"}],"replies":[{"embeddable":true,"href":"http:\/\/nfamiglietti.eleves.mediamatique.ch\/site_PO\/wp-json\/wp\/v2\/comments?post=32"}],"version-history":[{"count":22,"href":"http:\/\/nfamiglietti.eleves.mediamatique.ch\/site_PO\/wp-json\/wp\/v2\/pages\/32\/revisions"}],"predecessor-version":[{"id":853,"href":"http:\/\/nfamiglietti.eleves.mediamatique.ch\/site_PO\/wp-json\/wp\/v2\/pages\/32\/revisions\/853"}],"wp:attachment":[{"href":"http:\/\/nfamiglietti.eleves.mediamatique.ch\/site_PO\/wp-json\/wp\/v2\/media?parent=32"}],"curies":[{"name":"wp","href":"https:\/\/api.w.org\/{rel}","templated":true}]}}